{"id":918,"date":"2025-10-01T09:26:00","date_gmt":"2025-10-01T07:26:00","guid":{"rendered":"https:\/\/www.drhevialorenzo.com\/?page_id=918"},"modified":"2025-10-09T12:42:21","modified_gmt":"2025-10-09T10:42:21","slug":"galeria-de-prensa","status":"publish","type":"page","link":"https:\/\/www.drhevialorenzo.com\/en\/galeria-de-prensa\/","title":{"rendered":"Press gallery"},"content":{"rendered":"<div data-elementor-type=\"wp-page\" data-elementor-id=\"918\" class=\"elementor elementor-918\" data-elementor-post-type=\"page\">\n\t\t\t\t<div class=\"elementor-element elementor-element-d300aed e-flex e-con-boxed e-con e-parent\" data-id=\"d300aed\" data-element_type=\"container\" data-e-type=\"container\">\n\t\t\t\t\t<div class=\"e-con-inner\">\n\t\t\t\t<div class=\"elementor-element elementor-element-453b540a elementor-invisible elementor-widget elementor-widget-heading\" data-id=\"453b540a\" data-element_type=\"widget\" data-e-type=\"widget\" data-settings=\"{&quot;_animation&quot;:&quot;fadeInUp&quot;}\" data-widget_type=\"heading.default\">\n\t\t\t\t<div class=\"elementor-widget-container\">\n\t\t\t\t\t<h1 class=\"elementor-heading-title elementor-size-default\">PRESS GALLERY<\/h1>\t\t\t\t<\/div>\n\t\t\t\t<\/div>\n\t\t\t\t<div class=\"elementor-element elementor-element-0181db0 elementor-invisible elementor-widget elementor-widget-heading\" data-id=\"0181db0\" data-element_type=\"widget\" data-e-type=\"widget\" data-settings=\"{&quot;_animation&quot;:&quot;fadeInUp&quot;}\" data-widget_type=\"heading.default\">\n\t\t\t\t<div class=\"elementor-widget-container\">\n\t\t\t\t\t<h2 class=\"elementor-heading-title elementor-size-default\">Dr. Ignacio Hevia Lorenzo in the Media<\/h2>\t\t\t\t<\/div>\n\t\t\t\t<\/div>\n\t\t\t\t<div class=\"elementor-element elementor-element-ccd4164 elementor-widget elementor-widget-text-editor\" data-id=\"ccd4164\" data-element_type=\"widget\" data-e-type=\"widget\" data-widget_type=\"text-editor.default\">\n\t\t\t\t<div class=\"elementor-widget-container\">\n\t\t\t\t\t\t\t\t\t<p class=\"p1\">Throughout his career, Dr. Hevia Lorenzo has shared his experience and knowledge in various media outlets, both specialized in health and general information.<\/p><p class=\"p1\">These publications reflect his commitment to medical outreach and his active participation in the advancement of minimally invasive surgery.<\/p><p class=\"p1\">Here you can check out some of the articles and interviews he has contributed to:<\/p>\t\t\t\t\t\t\t\t<\/div>\n\t\t\t\t<\/div>\n\t\t\t\t\t<\/div>\n\t\t\t\t<\/div>\n\t\t<div class=\"elementor-element elementor-element-29290130 e-flex e-con-boxed e-con e-parent\" data-id=\"29290130\" data-element_type=\"container\" data-e-type=\"container\">\n\t\t\t\t\t<div class=\"e-con-inner\">\n\t\t<div class=\"elementor-element elementor-element-3e6479ea e-con-full e-flex e-con e-child\" data-id=\"3e6479ea\" data-element_type=\"container\" data-e-type=\"container\" data-settings=\"{&quot;background_background&quot;:&quot;classic&quot;}\">\n\t\t\t\t<div class=\"elementor-element elementor-element-2799a1f elementor-blockquote--skin-border elementor-widget elementor-widget-blockquote\" data-id=\"2799a1f\" data-element_type=\"widget\" data-e-type=\"widget\" data-widget_type=\"blockquote.default\">\n\t\t\t\t<div class=\"elementor-widget-container\">\n\t\t\t\t\t\t\t<blockquote class=\"elementor-blockquote\">\n\t\t\t<p class=\"elementor-blockquote__content\">\n\t\t\t\t&quot;Endoscopic surgery to treat an inguinal hernia allows the patient to return to their normal life in just six days.&quot;\t\t\t<\/p>\n\t\t\t\t\t\t\t<div class=\"e-q-footer\">\n\t\t\t\t\t\t\t\t\t\t\t<cite class=\"elementor-blockquote__author\">LNE<\/cite>\n\t\t\t\t\t\t\t\t\t\t\t\t\t\t<\/div>\n\t\t\t\t\t<\/blockquote>\n\t\t\t\t\t\t<\/div>\n\t\t\t\t<\/div>\n\t\t\t\t<div class=\"elementor-element elementor-element-6da7de4 elementor-align-right elementor-widget elementor-widget-button\" data-id=\"6da7de4\" data-element_type=\"widget\" data-e-type=\"widget\" data-widget_type=\"button.default\">\n\t\t\t\t<div class=\"elementor-widget-container\">\n\t\t\t\t\t\t\t\t\t<div class=\"elementor-button-wrapper\">\n\t\t\t\t\t<a class=\"elementor-button elementor-button-link elementor-size-sm\" href=\"https:\/\/www.lne.es\/asturias\/2024\/10\/28\/ignacio-hevia-cirugia-endoscopica-tratar-110264122.html\">\n\t\t\t\t\t\t<span class=\"elementor-button-content-wrapper\">\n\t\t\t\t\t\t<span class=\"elementor-button-icon\">\n\t\t\t\t<i aria-hidden=\"true\" class=\"fas fa-external-link-alt\"><\/i>\t\t\t<\/span>\n\t\t\t\t\t\t\t\t\t<span class=\"elementor-button-text\">Read<\/span>\n\t\t\t\t\t<\/span>\n\t\t\t\t\t<\/a>\n\t\t\t\t<\/div>\n\t\t\t\t\t\t\t\t<\/div>\n\t\t\t\t<\/div>\n\t\t\t\t<\/div>\n\t\t<div class=\"elementor-element elementor-element-6f9d52ea e-con-full e-flex e-con e-child\" data-id=\"6f9d52ea\" data-element_type=\"container\" data-e-type=\"container\" data-settings=\"{&quot;background_background&quot;:&quot;classic&quot;}\">\n\t\t\t\t<\/div>\n\t\t\t\t\t<\/div>\n\t\t\t\t<\/div>\n\t\t<div class=\"elementor-element elementor-element-2ecf4df e-flex e-con-boxed e-con e-parent\" data-id=\"2ecf4df\" data-element_type=\"container\" data-e-type=\"container\">\n\t\t\t\t\t<div class=\"e-con-inner\">\n\t\t<div class=\"elementor-element elementor-element-384204b e-con-full e-flex e-con e-child\" data-id=\"384204b\" data-element_type=\"container\" data-e-type=\"container\" data-settings=\"{&quot;background_background&quot;:&quot;classic&quot;}\">\n\t\t\t\t<div class=\"elementor-element elementor-element-76c5715 elementor-blockquote--skin-border elementor-widget elementor-widget-blockquote\" data-id=\"76c5715\" data-element_type=\"widget\" data-e-type=\"widget\" data-widget_type=\"blockquote.default\">\n\t\t\t\t<div class=\"elementor-widget-container\">\n\t\t\t\t\t\t\t<blockquote class=\"elementor-blockquote\">\n\t\t\t<p class=\"elementor-blockquote__content\">\n\t\t\t\t\u201cEndoscopic surgery for cholelithiasis: definitive and elective treatment\u201d\t\t\t<\/p>\n\t\t\t\t\t\t\t<div class=\"e-q-footer\">\n\t\t\t\t\t\t\t\t\t\t\t<cite class=\"elementor-blockquote__author\">LNE<\/cite>\n\t\t\t\t\t\t\t\t\t\t\t\t\t\t<\/div>\n\t\t\t\t\t<\/blockquote>\n\t\t\t\t\t\t<\/div>\n\t\t\t\t<\/div>\n\t\t\t\t<div class=\"elementor-element elementor-element-2a6ca8c elementor-align-right elementor-widget elementor-widget-button\" data-id=\"2a6ca8c\" data-element_type=\"widget\" data-e-type=\"widget\" data-widget_type=\"button.default\">\n\t\t\t\t<div class=\"elementor-widget-container\">\n\t\t\t\t\t\t\t\t\t<div class=\"elementor-button-wrapper\">\n\t\t\t\t\t<a class=\"elementor-button elementor-button-link elementor-size-sm\" href=\"https:\/\/www.lne.es\/salud\/2022\/05\/20\/cirugia-endoscopica-colelitiasis-tratamiento-definitivo-66281446.html\">\n\t\t\t\t\t\t<span class=\"elementor-button-content-wrapper\">\n\t\t\t\t\t\t<span class=\"elementor-button-icon\">\n\t\t\t\t<i aria-hidden=\"true\" class=\"fas fa-external-link-alt\"><\/i>\t\t\t<\/span>\n\t\t\t\t\t\t\t\t\t<span class=\"elementor-button-text\">Read<\/span>\n\t\t\t\t\t<\/span>\n\t\t\t\t\t<\/a>\n\t\t\t\t<\/div>\n\t\t\t\t\t\t\t\t<\/div>\n\t\t\t\t<\/div>\n\t\t\t\t<\/div>\n\t\t<div class=\"elementor-element elementor-element-8ab3623 e-con-full e-flex e-con e-child\" data-id=\"8ab3623\" data-element_type=\"container\" data-e-type=\"container\" data-settings=\"{&quot;background_background&quot;:&quot;classic&quot;}\">\n\t\t\t\t<\/div>\n\t\t\t\t\t<\/div>\n\t\t\t\t<\/div>\n\t\t<div class=\"elementor-element elementor-element-c3f8a30 e-flex e-con-boxed e-con e-parent\" data-id=\"c3f8a30\" data-element_type=\"container\" data-e-type=\"container\">\n\t\t\t\t\t<div class=\"e-con-inner\">\n\t\t<div class=\"elementor-element elementor-element-09303f0 e-con-full e-flex e-con e-child\" data-id=\"09303f0\" data-element_type=\"container\" data-e-type=\"container\" data-settings=\"{&quot;background_background&quot;:&quot;classic&quot;}\">\n\t\t\t\t<div class=\"elementor-element elementor-element-be66758 elementor-blockquote--skin-border elementor-widget elementor-widget-blockquote\" data-id=\"be66758\" data-element_type=\"widget\" data-e-type=\"widget\" data-widget_type=\"blockquote.default\">\n\t\t\t\t<div class=\"elementor-widget-container\">\n\t\t\t\t\t\t\t<blockquote class=\"elementor-blockquote\">\n\t\t\t<p class=\"elementor-blockquote__content\">\n\t\t\t\t\u201cEndoscopic Hiatal Hernia Surgery: Everything You Need to Know\u201d\t\t\t<\/p>\n\t\t\t\t\t\t\t<div class=\"e-q-footer\">\n\t\t\t\t\t\t\t\t\t\t\t<cite class=\"elementor-blockquote__author\">TRADE<\/cite>\n\t\t\t\t\t\t\t\t\t\t\t\t\t\t<\/div>\n\t\t\t\t\t<\/blockquote>\n\t\t\t\t\t\t<\/div>\n\t\t\t\t<\/div>\n\t\t\t\t<div class=\"elementor-element elementor-element-9f00b89 elementor-align-right elementor-widget elementor-widget-button\" data-id=\"9f00b89\" data-element_type=\"widget\" data-e-type=\"widget\" data-widget_type=\"button.default\">\n\t\t\t\t<div class=\"elementor-widget-container\">\n\t\t\t\t\t\t\t\t\t<div class=\"elementor-button-wrapper\">\n\t\t\t\t\t<a class=\"elementor-button elementor-button-link elementor-size-sm\" href=\"https:\/\/www.elcomercio.es\/asturias\/cirugia-endoscopica-hernia-hiato-informacion-20190130155703-nt.html\">\n\t\t\t\t\t\t<span class=\"elementor-button-content-wrapper\">\n\t\t\t\t\t\t<span class=\"elementor-button-icon\">\n\t\t\t\t<i aria-hidden=\"true\" class=\"fas fa-external-link-alt\"><\/i>\t\t\t<\/span>\n\t\t\t\t\t\t\t\t\t<span class=\"elementor-button-text\">Read<\/span>\n\t\t\t\t\t<\/span>\n\t\t\t\t\t<\/a>\n\t\t\t\t<\/div>\n\t\t\t\t\t\t\t\t<\/div>\n\t\t\t\t<\/div>\n\t\t\t\t<\/div>\n\t\t<div class=\"elementor-element elementor-element-7ef3741 e-con-full e-flex e-con e-child\" data-id=\"7ef3741\" data-element_type=\"container\" data-e-type=\"container\" data-settings=\"{&quot;background_background&quot;:&quot;classic&quot;}\">\n\t\t\t\t<\/div>\n\t\t\t\t\t<\/div>\n\t\t\t\t<\/div>\n\t\t\t\t<\/div>","protected":false},"excerpt":{"rendered":"<p>GALER\u00cdA DE PRENSA EL DR. IGNACIO HEVIA LORENZO EN LOS MEDIOS A lo largo de su carrera, el Dr. Hevia Lorenzo ha compartido su experiencia y conocimiento en distintos medios de comunicaci\u00f3n, tanto especializados en salud como de informaci\u00f3n general. Estas publicaciones reflejan su compromiso con la divulgaci\u00f3n m\u00e9dica y su participaci\u00f3n activa en el [&hellip;]<\/p>\n","protected":false},"author":1,"featured_media":0,"parent":0,"menu_order":5,"comment_status":"closed","ping_status":"closed","template":"","meta":{"_joinchat":[],"footnotes":""},"class_list":["post-918","page","type-page","status-publish","hentry"],"yoast_head":"<!-- This site is optimized with the Yoast SEO plugin v27.4 - https:\/\/yoast.com\/product\/yoast-seo-wordpress\/ -->\n<title>Galer\u00eda de prensa - Dr. Ignacio Hevia Lorenzo<\/title>\n<meta name=\"description\" content=\"Noticias, entrevistas y publicaciones del Dr. Ignacio Hevia en medios especializados sobre cirug\u00eda y avances m\u00e9dicos.\" \/>\n<meta name=\"robots\" content=\"index, follow, max-snippet:-1, max-image-preview:large, max-video-preview:-1\" \/>\n<link rel=\"canonical\" href=\"https:\/\/www.drhevialorenzo.com\/en\/galeria-de-prensa\/\" \/>\n<meta property=\"og:locale\" content=\"en_US\" \/>\n<meta property=\"og:type\" content=\"article\" \/>\n<meta property=\"og:title\" content=\"Galer\u00eda de prensa - Dr. Ignacio Hevia Lorenzo\" \/>\n<meta property=\"og:description\" content=\"Noticias, entrevistas y publicaciones del Dr. Ignacio Hevia en medios especializados sobre cirug\u00eda y avances m\u00e9dicos.\" \/>\n<meta property=\"og:url\" content=\"https:\/\/www.drhevialorenzo.com\/en\/galeria-de-prensa\/\" \/>\n<meta property=\"og:site_name\" content=\"Dr. Ignacio Hevia Lorenzo\" \/>\n<meta property=\"article:publisher\" content=\"http:\/\/www.facebook.com\/drhevialorenzo\" \/>\n<meta property=\"article:modified_time\" content=\"2025-10-09T10:42:21+00:00\" \/>\n<meta name=\"twitter:card\" content=\"summary_large_image\" \/>\n<script type=\"application\/ld+json\" class=\"yoast-schema-graph\">{\"@context\":\"https:\\\/\\\/schema.org\",\"@graph\":[{\"@type\":\"WebPage\",\"@id\":\"https:\\\/\\\/www.drhevialorenzo.com\\\/galeria-de-prensa\\\/\",\"url\":\"https:\\\/\\\/www.drhevialorenzo.com\\\/galeria-de-prensa\\\/\",\"name\":\"Galer\u00eda de prensa - Dr. Ignacio Hevia Lorenzo\",\"isPartOf\":{\"@id\":\"https:\\\/\\\/www.drhevialorenzo.com\\\/#website\"},\"datePublished\":\"2025-10-01T07:26:00+00:00\",\"dateModified\":\"2025-10-09T10:42:21+00:00\",\"description\":\"Noticias, entrevistas y publicaciones del Dr. Ignacio Hevia en medios especializados sobre cirug\u00eda y avances m\u00e9dicos.\",\"breadcrumb\":{\"@id\":\"https:\\\/\\\/www.drhevialorenzo.com\\\/galeria-de-prensa\\\/#breadcrumb\"},\"inLanguage\":\"en-US\",\"potentialAction\":[{\"@type\":\"ReadAction\",\"target\":[\"https:\\\/\\\/www.drhevialorenzo.com\\\/galeria-de-prensa\\\/\"]}]},{\"@type\":\"BreadcrumbList\",\"@id\":\"https:\\\/\\\/www.drhevialorenzo.com\\\/galeria-de-prensa\\\/#breadcrumb\",\"itemListElement\":[{\"@type\":\"ListItem\",\"position\":1,\"name\":\"Inicio\",\"item\":\"https:\\\/\\\/www.drhevialorenzo.com\\\/\"},{\"@type\":\"ListItem\",\"position\":2,\"name\":\"Galer\u00eda de prensa\"}]},{\"@type\":\"WebSite\",\"@id\":\"https:\\\/\\\/www.drhevialorenzo.com\\\/#website\",\"url\":\"https:\\\/\\\/www.drhevialorenzo.com\\\/\",\"name\":\"Dr.Ignacio Hevia Lorenzo\",\"description\":\"Cirug\u00eda General y Ap Digestivo. Cirug\u00eda endosc\u00f3pica\",\"publisher\":{\"@id\":\"https:\\\/\\\/www.drhevialorenzo.com\\\/#organization\"},\"potentialAction\":[{\"@type\":\"SearchAction\",\"target\":{\"@type\":\"EntryPoint\",\"urlTemplate\":\"https:\\\/\\\/www.drhevialorenzo.com\\\/?s={search_term_string}\"},\"query-input\":{\"@type\":\"PropertyValueSpecification\",\"valueRequired\":true,\"valueName\":\"search_term_string\"}}],\"inLanguage\":\"en-US\"},{\"@type\":\"Organization\",\"@id\":\"https:\\\/\\\/www.drhevialorenzo.com\\\/#organization\",\"name\":\"Dr.Ignacio Hevia Lorenzo\",\"url\":\"https:\\\/\\\/www.drhevialorenzo.com\\\/\",\"logo\":{\"@type\":\"ImageObject\",\"inLanguage\":\"en-US\",\"@id\":\"https:\\\/\\\/www.drhevialorenzo.com\\\/#\\\/schema\\\/logo\\\/image\\\/\",\"url\":\"https:\\\/\\\/www.drhevialorenzo.com\\\/wp-content\\\/uploads\\\/2025\\\/07\\\/logo-scaled.jpg\",\"contentUrl\":\"https:\\\/\\\/www.drhevialorenzo.com\\\/wp-content\\\/uploads\\\/2025\\\/07\\\/logo-scaled.jpg\",\"width\":2560,\"height\":569,\"caption\":\"Dr.Ignacio Hevia Lorenzo\"},\"image\":{\"@id\":\"https:\\\/\\\/www.drhevialorenzo.com\\\/#\\\/schema\\\/logo\\\/image\\\/\"},\"sameAs\":[\"http:\\\/\\\/www.facebook.com\\\/drhevialorenzo\",\"https:\\\/\\\/www.linkedin.com\\\/in\\\/dr-ignacio-hevia-lorenzo-1b623386\\\/\"]}]}<\/script>\n<!-- \/ Yoast SEO plugin. -->","yoast_head_json":{"title":"Press gallery - Dr. Ignacio Hevia Lorenzo","description":"News, interviews, and publications about surgery and medical advances in specialized media by Dr. Ignacio Hevia.","robots":{"index":"index","follow":"follow","max-snippet":"max-snippet:-1","max-image-preview":"max-image-preview:large","max-video-preview":"max-video-preview:-1"},"canonical":"https:\/\/www.drhevialorenzo.com\/en\/galeria-de-prensa\/","og_locale":"en_US","og_type":"article","og_title":"Galer\u00eda de prensa - Dr. Ignacio Hevia Lorenzo","og_description":"Noticias, entrevistas y publicaciones del Dr. Ignacio Hevia en medios especializados sobre cirug\u00eda y avances m\u00e9dicos.","og_url":"https:\/\/www.drhevialorenzo.com\/en\/galeria-de-prensa\/","og_site_name":"Dr. Ignacio Hevia Lorenzo","article_publisher":"http:\/\/www.facebook.com\/drhevialorenzo","article_modified_time":"2025-10-09T10:42:21+00:00","twitter_card":"summary_large_image","schema":{"@context":"https:\/\/schema.org","@graph":[{"@type":"WebPage","@id":"https:\/\/www.drhevialorenzo.com\/galeria-de-prensa\/","url":"https:\/\/www.drhevialorenzo.com\/galeria-de-prensa\/","name":"Press gallery - Dr. Ignacio Hevia Lorenzo","isPartOf":{"@id":"https:\/\/www.drhevialorenzo.com\/#website"},"datePublished":"2025-10-01T07:26:00+00:00","dateModified":"2025-10-09T10:42:21+00:00","description":"News, interviews, and publications about surgery and medical advances in specialized media by Dr. Ignacio Hevia.","breadcrumb":{"@id":"https:\/\/www.drhevialorenzo.com\/galeria-de-prensa\/#breadcrumb"},"inLanguage":"en-US","potentialAction":[{"@type":"ReadAction","target":["https:\/\/www.drhevialorenzo.com\/galeria-de-prensa\/"]}]},{"@type":"BreadcrumbList","@id":"https:\/\/www.drhevialorenzo.com\/galeria-de-prensa\/#breadcrumb","itemListElement":[{"@type":"ListItem","position":1,"name":"Inicio","item":"https:\/\/www.drhevialorenzo.com\/"},{"@type":"ListItem","position":2,"name":"Galer\u00eda de prensa"}]},{"@type":"WebSite","@id":"https:\/\/www.drhevialorenzo.com\/#website","url":"https:\/\/www.drhevialorenzo.com\/","name":"Dr.Ignacio Hevia Lorenzo","description":"General Surgery and Digestive Medicine. Endoscopic Surgery","publisher":{"@id":"https:\/\/www.drhevialorenzo.com\/#organization"},"potentialAction":[{"@type":"SearchAction","target":{"@type":"EntryPoint","urlTemplate":"https:\/\/www.drhevialorenzo.com\/?s={search_term_string}"},"query-input":{"@type":"PropertyValueSpecification","valueRequired":true,"valueName":"search_term_string"}}],"inLanguage":"en-US"},{"@type":"Organization","@id":"https:\/\/www.drhevialorenzo.com\/#organization","name":"Dr.Ignacio Hevia Lorenzo","url":"https:\/\/www.drhevialorenzo.com\/","logo":{"@type":"ImageObject","inLanguage":"en-US","@id":"https:\/\/www.drhevialorenzo.com\/#\/schema\/logo\/image\/","url":"https:\/\/www.drhevialorenzo.com\/wp-content\/uploads\/2025\/07\/logo-scaled.jpg","contentUrl":"https:\/\/www.drhevialorenzo.com\/wp-content\/uploads\/2025\/07\/logo-scaled.jpg","width":2560,"height":569,"caption":"Dr.Ignacio Hevia Lorenzo"},"image":{"@id":"https:\/\/www.drhevialorenzo.com\/#\/schema\/logo\/image\/"},"sameAs":["http:\/\/www.facebook.com\/drhevialorenzo","https:\/\/www.linkedin.com\/in\/dr-ignacio-hevia-lorenzo-1b623386\/"]}]}},"_links":{"self":[{"href":"https:\/\/www.drhevialorenzo.com\/en\/wp-json\/wp\/v2\/pages\/918","targetHints":{"allow":["GET"]}}],"collection":[{"href":"https:\/\/www.drhevialorenzo.com\/en\/wp-json\/wp\/v2\/pages"}],"about":[{"href":"https:\/\/www.drhevialorenzo.com\/en\/wp-json\/wp\/v2\/types\/page"}],"author":[{"embeddable":true,"href":"https:\/\/www.drhevialorenzo.com\/en\/wp-json\/wp\/v2\/users\/1"}],"replies":[{"embeddable":true,"href":"https:\/\/www.drhevialorenzo.com\/en\/wp-json\/wp\/v2\/comments?post=918"}],"version-history":[{"count":44,"href":"https:\/\/www.drhevialorenzo.com\/en\/wp-json\/wp\/v2\/pages\/918\/revisions"}],"predecessor-version":[{"id":1186,"href":"https:\/\/www.drhevialorenzo.com\/en\/wp-json\/wp\/v2\/pages\/918\/revisions\/1186"}],"wp:attachment":[{"href":"https:\/\/www.drhevialorenzo.com\/en\/wp-json\/wp\/v2\/media?parent=918"}],"curies":[{"name":"wp","href":"https:\/\/api.w.org\/{rel}","templated":true}]}}