{"id":567,"date":"2025-07-26T08:58:24","date_gmt":"2025-07-26T06:58:24","guid":{"rendered":"https:\/\/www.drhevialorenzo.com\/?page_id=567"},"modified":"2025-10-09T12:42:01","modified_gmt":"2025-10-09T10:42:01","slug":"tecnicas-quirurgicas","status":"publish","type":"page","link":"https:\/\/www.drhevialorenzo.com\/en\/tecnicas-quirurgicas\/","title":{"rendered":"Surgical techniques"},"content":{"rendered":"<div data-elementor-type=\"wp-page\" data-elementor-id=\"567\" class=\"elementor elementor-567\" data-elementor-post-type=\"page\">\n\t\t\t\t<div class=\"elementor-element elementor-element-10833e59 e-flex e-con-boxed e-con e-parent\" data-id=\"10833e59\" data-element_type=\"container\" data-e-type=\"container\">\n\t\t\t\t\t<div class=\"e-con-inner\">\n\t\t\t\t<div class=\"elementor-element elementor-element-2bffa083 elementor-invisible elementor-widget elementor-widget-heading\" data-id=\"2bffa083\" data-element_type=\"widget\" data-e-type=\"widget\" data-settings=\"{&quot;_animation&quot;:&quot;fadeInUp&quot;}\" data-widget_type=\"heading.default\">\n\t\t\t\t<div class=\"elementor-widget-container\">\n\t\t\t\t\t<h1 class=\"elementor-heading-title elementor-size-default\">MINIMALLY INVASIVE SURGICAL TECHNIQUES<\/h1>\t\t\t\t<\/div>\n\t\t\t\t<\/div>\n\t\t\t\t<div class=\"elementor-element elementor-element-fdec3b6 elementor-widget elementor-widget-text-editor\" data-id=\"fdec3b6\" data-element_type=\"widget\" data-e-type=\"widget\" data-widget_type=\"text-editor.default\">\n\t\t\t\t<div class=\"elementor-widget-container\">\n\t\t\t\t\t\t\t\t\t<p class=\"p1\">Advanced procedures that improve recovery, reduce pain, and minimize surgical impact<\/p>\t\t\t\t\t\t\t\t<\/div>\n\t\t\t\t<\/div>\n\t\t\t\t\t<\/div>\n\t\t\t\t<\/div>\n\t\t<div class=\"elementor-element elementor-element-4f817b22 e-flex e-con-boxed e-con e-parent\" data-id=\"4f817b22\" data-element_type=\"container\" data-e-type=\"container\" data-settings=\"{&quot;background_background&quot;:&quot;classic&quot;}\">\n\t\t\t\t\t<div class=\"e-con-inner\">\n\t\t<div class=\"elementor-element elementor-element-3c22ae2b e-con-full e-flex e-con e-child\" data-id=\"3c22ae2b\" data-element_type=\"container\" data-e-type=\"container\">\n\t\t\t\t<div class=\"elementor-element elementor-element-27d66f22 elementor-position-inline-start elementor-view-default elementor-mobile-position-block-start elementor-widget elementor-widget-icon-box\" data-id=\"27d66f22\" data-element_type=\"widget\" data-e-type=\"widget\" data-widget_type=\"icon-box.default\">\n\t\t\t\t<div class=\"elementor-widget-container\">\n\t\t\t\t\t\t\t<div class=\"elementor-icon-box-wrapper\">\n\n\t\t\t\t\t\t<div class=\"elementor-icon-box-icon\">\n\t\t\t\t<span  class=\"elementor-icon\">\n\t\t\t\t<i aria-hidden=\"true\" class=\"fas fa-dot-circle\"><\/i>\t\t\t\t<\/span>\n\t\t\t<\/div>\n\t\t\t\n\t\t\t\t\t\t<div class=\"elementor-icon-box-content\">\n\n\t\t\t\t\t\t\t\t\t<h2 class=\"elementor-icon-box-title\">\n\t\t\t\t\t\t<span  >\n\t\t\t\t\t\t\tABDOMINAL HERNIAS\t\t\t\t\t\t<\/span>\n\t\t\t\t\t<\/h2>\n\t\t\t\t\n\t\t\t\t\t\t\t\t\t<p class=\"elementor-icon-box-description\">\n\t\t\t\t\t\tTreatment of inguinal and umbilical hernias, eventrations, and diastasis recti using minimally invasive techniques.\t\t\t\t\t<\/p>\n\t\t\t\t\n\t\t\t<\/div>\n\t\t\t\n\t\t<\/div>\n\t\t\t\t\t\t<\/div>\n\t\t\t\t<\/div>\n\t\t\t\t<\/div>\n\t\t<div class=\"elementor-element elementor-element-4134c851 e-con-full e-flex e-con e-child\" data-id=\"4134c851\" data-element_type=\"container\" data-e-type=\"container\">\n\t\t\t\t<div class=\"elementor-element elementor-element-b798a5c elementor-position-inline-start elementor-view-default elementor-mobile-position-block-start elementor-widget elementor-widget-icon-box\" data-id=\"b798a5c\" data-element_type=\"widget\" data-e-type=\"widget\" data-widget_type=\"icon-box.default\">\n\t\t\t\t<div class=\"elementor-widget-container\">\n\t\t\t\t\t\t\t<div class=\"elementor-icon-box-wrapper\">\n\n\t\t\t\t\t\t<div class=\"elementor-icon-box-icon\">\n\t\t\t\t<span  class=\"elementor-icon\">\n\t\t\t\t<i aria-hidden=\"true\" class=\"fas fa-dot-circle\"><\/i>\t\t\t\t<\/span>\n\t\t\t<\/div>\n\t\t\t\n\t\t\t\t\t\t<div class=\"elementor-icon-box-content\">\n\n\t\t\t\t\t\t\t\t\t<h2 class=\"elementor-icon-box-title\">\n\t\t\t\t\t\t<span  >\n\t\t\t\t\t\t\tBILIARY PATHOLOGY\t\t\t\t\t\t<\/span>\n\t\t\t\t\t<\/h2>\n\t\t\t\t\n\t\t\t\t\t\t\t\t\t<p class=\"elementor-icon-box-description\">\n\t\t\t\t\t\tEndoscopic treatment of gallstones.\t\t\t\t\t<\/p>\n\t\t\t\t\n\t\t\t<\/div>\n\t\t\t\n\t\t<\/div>\n\t\t\t\t\t\t<\/div>\n\t\t\t\t<\/div>\n\t\t\t\t<\/div>\n\t\t<div class=\"elementor-element elementor-element-ec65fcc e-con-full e-flex e-con e-child\" data-id=\"ec65fcc\" data-element_type=\"container\" data-e-type=\"container\">\n\t\t\t\t<div class=\"elementor-element elementor-element-69b4205f elementor-position-inline-start elementor-view-default elementor-mobile-position-block-start elementor-widget elementor-widget-icon-box\" data-id=\"69b4205f\" data-element_type=\"widget\" data-e-type=\"widget\" data-widget_type=\"icon-box.default\">\n\t\t\t\t<div class=\"elementor-widget-container\">\n\t\t\t\t\t\t\t<div class=\"elementor-icon-box-wrapper\">\n\n\t\t\t\t\t\t<div class=\"elementor-icon-box-icon\">\n\t\t\t\t<span  class=\"elementor-icon\">\n\t\t\t\t<i aria-hidden=\"true\" class=\"fas fa-dot-circle\"><\/i>\t\t\t\t<\/span>\n\t\t\t<\/div>\n\t\t\t\n\t\t\t\t\t\t<div class=\"elementor-icon-box-content\">\n\n\t\t\t\t\t\t\t\t\t<h2 class=\"elementor-icon-box-title\">\n\t\t\t\t\t\t<span  >\n\t\t\t\t\t\t\tREFLUX AND ACHALASIA\t\t\t\t\t\t<\/span>\n\t\t\t\t\t<\/h2>\n\t\t\t\t\n\t\t\t\t\t\t\t\t\t<p class=\"elementor-icon-box-description\">\n\t\t\t\t\t\tSurgical approach to gastroesophageal reflux and achalasia.\t\t\t\t\t<\/p>\n\t\t\t\t\n\t\t\t<\/div>\n\t\t\t\n\t\t<\/div>\n\t\t\t\t\t\t<\/div>\n\t\t\t\t<\/div>\n\t\t\t\t<\/div>\n\t\t<div class=\"elementor-element elementor-element-63d062bf e-con-full e-flex e-con e-child\" data-id=\"63d062bf\" data-element_type=\"container\" data-e-type=\"container\">\n\t\t\t\t<div class=\"elementor-element elementor-element-63051fb7 elementor-position-inline-start elementor-view-default elementor-mobile-position-block-start elementor-widget elementor-widget-icon-box\" data-id=\"63051fb7\" data-element_type=\"widget\" data-e-type=\"widget\" data-widget_type=\"icon-box.default\">\n\t\t\t\t<div class=\"elementor-widget-container\">\n\t\t\t\t\t\t\t<div class=\"elementor-icon-box-wrapper\">\n\n\t\t\t\t\t\t<div class=\"elementor-icon-box-icon\">\n\t\t\t\t<span  class=\"elementor-icon\">\n\t\t\t\t<i aria-hidden=\"true\" class=\"fas fa-dot-circle\"><\/i>\t\t\t\t<\/span>\n\t\t\t<\/div>\n\t\t\t\n\t\t\t\t\t\t<div class=\"elementor-icon-box-content\">\n\n\t\t\t\t\t\t\t\t\t<h2 class=\"elementor-icon-box-title\">\n\t\t\t\t\t\t<span  >\n\t\t\t\t\t\t\tINFLAMMATORY BOWEL DISEASE\t\t\t\t\t\t<\/span>\n\t\t\t\t\t<\/h2>\n\t\t\t\t\n\t\t\t\t\t\t\t\t\t<p class=\"elementor-icon-box-description\">\n\t\t\t\t\t\tEndoscopic treatment of Crohn&#039;s disease and ulcerative colitis.\t\t\t\t\t<\/p>\n\t\t\t\t\n\t\t\t<\/div>\n\t\t\t\n\t\t<\/div>\n\t\t\t\t\t\t<\/div>\n\t\t\t\t<\/div>\n\t\t\t\t<\/div>\n\t\t<div class=\"elementor-element elementor-element-2c8a0d81 e-con-full e-flex e-con e-child\" data-id=\"2c8a0d81\" data-element_type=\"container\" data-e-type=\"container\">\n\t\t\t\t<div class=\"elementor-element elementor-element-7a755190 elementor-position-inline-start elementor-view-default elementor-mobile-position-block-start elementor-widget elementor-widget-icon-box\" data-id=\"7a755190\" data-element_type=\"widget\" data-e-type=\"widget\" data-widget_type=\"icon-box.default\">\n\t\t\t\t<div class=\"elementor-widget-container\">\n\t\t\t\t\t\t\t<div class=\"elementor-icon-box-wrapper\">\n\n\t\t\t\t\t\t<div class=\"elementor-icon-box-icon\">\n\t\t\t\t<span  class=\"elementor-icon\">\n\t\t\t\t<i aria-hidden=\"true\" class=\"fas fa-dot-circle\"><\/i>\t\t\t\t<\/span>\n\t\t\t<\/div>\n\t\t\t\n\t\t\t\t\t\t<div class=\"elementor-icon-box-content\">\n\n\t\t\t\t\t\t\t\t\t<h2 class=\"elementor-icon-box-title\">\n\t\t\t\t\t\t<span  >\n\t\t\t\t\t\t\tDIVERTICULAR DISEASE\t\t\t\t\t\t<\/span>\n\t\t\t\t\t<\/h2>\n\t\t\t\t\n\t\t\t\t\t\t\t\t\t<p class=\"elementor-icon-box-description\">\n\t\t\t\t\t\tTreatment of colon affected by recurrent or complicated diverticulitis.\t\t\t\t\t<\/p>\n\t\t\t\t\n\t\t\t<\/div>\n\t\t\t\n\t\t<\/div>\n\t\t\t\t\t\t<\/div>\n\t\t\t\t<\/div>\n\t\t\t\t<\/div>\n\t\t<div class=\"elementor-element elementor-element-3d239902 e-con-full e-flex e-con e-child\" data-id=\"3d239902\" data-element_type=\"container\" data-e-type=\"container\">\n\t\t\t\t<div class=\"elementor-element elementor-element-5edab401 elementor-position-inline-start elementor-view-default elementor-mobile-position-block-start elementor-widget elementor-widget-icon-box\" data-id=\"5edab401\" data-element_type=\"widget\" data-e-type=\"widget\" data-widget_type=\"icon-box.default\">\n\t\t\t\t<div class=\"elementor-widget-container\">\n\t\t\t\t\t\t\t<div class=\"elementor-icon-box-wrapper\">\n\n\t\t\t\t\t\t<div class=\"elementor-icon-box-icon\">\n\t\t\t\t<span  class=\"elementor-icon\">\n\t\t\t\t<i aria-hidden=\"true\" class=\"fas fa-dot-circle\"><\/i>\t\t\t\t<\/span>\n\t\t\t<\/div>\n\t\t\t\n\t\t\t\t\t\t<div class=\"elementor-icon-box-content\">\n\n\t\t\t\t\t\t\t\t\t<h2 class=\"elementor-icon-box-title\">\n\t\t\t\t\t\t<span  >\n\t\t\t\t\t\t\tDIGESTIVE CANCER\t\t\t\t\t\t<\/span>\n\t\t\t\t\t<\/h2>\n\t\t\t\t\n\t\t\t\t\t\t\t\t\t<p class=\"elementor-icon-box-description\">\n\t\t\t\t\t\tMinimally invasive surgery for colorectal cancer.\t\t\t\t\t<\/p>\n\t\t\t\t\n\t\t\t<\/div>\n\t\t\t\n\t\t<\/div>\n\t\t\t\t\t\t<\/div>\n\t\t\t\t<\/div>\n\t\t\t\t<\/div>\n\t\t<div class=\"elementor-element elementor-element-4d1ae490 e-con-full e-flex e-con e-child\" data-id=\"4d1ae490\" data-element_type=\"container\" data-e-type=\"container\">\n\t\t\t\t<div class=\"elementor-element elementor-element-52e43b26 elementor-position-inline-start elementor-view-default elementor-mobile-position-block-start elementor-widget elementor-widget-icon-box\" data-id=\"52e43b26\" data-element_type=\"widget\" data-e-type=\"widget\" data-widget_type=\"icon-box.default\">\n\t\t\t\t<div class=\"elementor-widget-container\">\n\t\t\t\t\t\t\t<div class=\"elementor-icon-box-wrapper\">\n\n\t\t\t\t\t\t<div class=\"elementor-icon-box-icon\">\n\t\t\t\t<span  class=\"elementor-icon\">\n\t\t\t\t<i aria-hidden=\"true\" class=\"fas fa-dot-circle\"><\/i>\t\t\t\t<\/span>\n\t\t\t<\/div>\n\t\t\t\n\t\t\t\t\t\t<div class=\"elementor-icon-box-content\">\n\n\t\t\t\t\t\t\t\t\t<h2 class=\"elementor-icon-box-title\">\n\t\t\t\t\t\t<span  >\n\t\t\t\t\t\t\tANAL PATHOLOGY\t\t\t\t\t\t<\/span>\n\t\t\t\t\t<\/h2>\n\t\t\t\t\n\t\t\t\t\t\t\t\t\t<p class=\"elementor-icon-box-description\">\n\t\t\t\t\t\tTreatment of hemorrhoids, fissures, fistulas, and pilonidal cysts with laser technology.\t\t\t\t\t<\/p>\n\t\t\t\t\n\t\t\t<\/div>\n\t\t\t\n\t\t<\/div>\n\t\t\t\t\t\t<\/div>\n\t\t\t\t<\/div>\n\t\t\t\t<\/div>\n\t\t<div class=\"elementor-element elementor-element-4133c8e0 e-con-full e-flex e-con e-child\" data-id=\"4133c8e0\" data-element_type=\"container\" data-e-type=\"container\">\n\t\t\t\t<div class=\"elementor-element elementor-element-939df7e elementor-position-inline-start elementor-view-default elementor-mobile-position-block-start elementor-widget elementor-widget-icon-box\" data-id=\"939df7e\" data-element_type=\"widget\" data-e-type=\"widget\" data-widget_type=\"icon-box.default\">\n\t\t\t\t<div class=\"elementor-widget-container\">\n\t\t\t\t\t\t\t<div class=\"elementor-icon-box-wrapper\">\n\n\t\t\t\t\t\t<div class=\"elementor-icon-box-icon\">\n\t\t\t\t<span  class=\"elementor-icon\">\n\t\t\t\t<i aria-hidden=\"true\" class=\"fas fa-dot-circle\"><\/i>\t\t\t\t<\/span>\n\t\t\t<\/div>\n\t\t\t\n\t\t\t\t\t\t<div class=\"elementor-icon-box-content\">\n\n\t\t\t\t\t\t\t\t\t<h2 class=\"elementor-icon-box-title\">\n\t\t\t\t\t\t<span  >\n\t\t\t\t\t\t\tURGENT SURGICAL PATHOLOGY\t\t\t\t\t\t<\/span>\n\t\t\t\t\t<\/h2>\n\t\t\t\t\n\t\t\t\t\t\t\t\t\t<p class=\"elementor-icon-box-description\">\n\t\t\t\t\t\tAcute appendicitis, perforation and intestinal obstruction.\t\t\t\t\t<\/p>\n\t\t\t\t\n\t\t\t<\/div>\n\t\t\t\n\t\t<\/div>\n\t\t\t\t\t\t<\/div>\n\t\t\t\t<\/div>\n\t\t\t\t<\/div>\n\t\t<div class=\"elementor-element elementor-element-4c29f895 e-con-full e-flex e-con e-child\" data-id=\"4c29f895\" data-element_type=\"container\" data-e-type=\"container\">\n\t\t\t\t<div class=\"elementor-element elementor-element-12fe7d93 elementor-widget elementor-widget-image\" data-id=\"12fe7d93\" data-element_type=\"widget\" data-e-type=\"widget\" data-widget_type=\"image.default\">\n\t\t\t\t<div class=\"elementor-widget-container\">\n\t\t\t\t\t\t\t\t\t\t\t\t\t\t\t<img fetchpriority=\"high\" decoding=\"async\" width=\"800\" height=\"737\" src=\"https:\/\/www.drhevialorenzo.com\/wp-content\/uploads\/2025\/09\/hevia-1024x943.png\" class=\"attachment-large size-large wp-image-895\" alt=\"favicon\" srcset=\"https:\/\/www.drhevialorenzo.com\/wp-content\/uploads\/2025\/09\/hevia-1024x943.png 1024w, https:\/\/www.drhevialorenzo.com\/wp-content\/uploads\/2025\/09\/hevia-300x276.png 300w, https:\/\/www.drhevialorenzo.com\/wp-content\/uploads\/2025\/09\/hevia-768x708.png 768w, https:\/\/www.drhevialorenzo.com\/wp-content\/uploads\/2025\/09\/hevia-13x12.png 13w, https:\/\/www.drhevialorenzo.com\/wp-content\/uploads\/2025\/09\/hevia.png 1080w\" sizes=\"(max-width: 800px) 100vw, 800px\" \/>\t\t\t\t\t\t\t\t\t\t\t\t\t\t\t<\/div>\n\t\t\t\t<\/div>\n\t\t\t\t<\/div>\n\t\t\t\t\t<\/div>\n\t\t\t\t<\/div>\n\t\t\t\t<\/div>","protected":false},"excerpt":{"rendered":"<p>T\u00c9CNICAS QUIR\u00daRGICAS M\u00cdNIMAMENTE INVASIVAS Procedimientos avanzados que mejoran la recuperaci\u00f3n, reducen el dolor y minimizan el impacto quir\u00fargico HERNIAS ABDOMINALES Tratamiento de hernias inguinales, umbilicales, eventraciones y di\u00e1stasis de rectos con t\u00e9cnicas m\u00ednimamente invasivas. PATOLOG\u00cdA BILIAR Tratamiento endosc\u00f3pico de los c\u00e1lculos biliares. REFLUJO Y ACALASIA Abordaje quir\u00fargico del reflujo gastroesof\u00e1gico y la acalasia. ENFERMEDAD INFLAMATORIA [&hellip;]<\/p>\n","protected":false},"author":1,"featured_media":0,"parent":0,"menu_order":4,"comment_status":"closed","ping_status":"closed","template":"","meta":{"_joinchat":[],"footnotes":""},"class_list":["post-567","page","type-page","status-publish","hentry"],"yoast_head":"<!-- This site is optimized with the Yoast SEO plugin v27.4 - https:\/\/yoast.com\/product\/yoast-seo-wordpress\/ -->\n<title>T\u00e9cnicas quir\u00fargicas - Dr. Ignacio Hevia Lorenzo<\/title>\n<meta name=\"description\" content=\"Cirug\u00edas m\u00ednimamente invasivas y abordajes personalizados con la m\u00e1xima precisi\u00f3n y seguridad.\" \/>\n<meta name=\"robots\" content=\"index, follow, max-snippet:-1, max-image-preview:large, max-video-preview:-1\" \/>\n<link rel=\"canonical\" href=\"https:\/\/www.drhevialorenzo.com\/en\/tecnicas-quirurgicas\/\" \/>\n<meta property=\"og:locale\" content=\"en_US\" \/>\n<meta property=\"og:type\" content=\"article\" \/>\n<meta property=\"og:title\" content=\"T\u00e9cnicas quir\u00fargicas - Dr. Ignacio Hevia Lorenzo\" \/>\n<meta property=\"og:description\" content=\"Cirug\u00edas m\u00ednimamente invasivas y abordajes personalizados con la m\u00e1xima precisi\u00f3n y seguridad.\" \/>\n<meta property=\"og:url\" content=\"https:\/\/www.drhevialorenzo.com\/en\/tecnicas-quirurgicas\/\" \/>\n<meta property=\"og:site_name\" content=\"Dr. Ignacio Hevia Lorenzo\" \/>\n<meta property=\"article:publisher\" content=\"http:\/\/www.facebook.com\/drhevialorenzo\" \/>\n<meta property=\"article:modified_time\" content=\"2025-10-09T10:42:01+00:00\" \/>\n<meta property=\"og:image\" content=\"https:\/\/www.drhevialorenzo.com\/wp-content\/uploads\/2025\/09\/hevia-1024x943.png\" \/>\n<meta name=\"twitter:card\" content=\"summary_large_image\" \/>\n<script type=\"application\/ld+json\" class=\"yoast-schema-graph\">{\"@context\":\"https:\\\/\\\/schema.org\",\"@graph\":[{\"@type\":\"WebPage\",\"@id\":\"https:\\\/\\\/www.drhevialorenzo.com\\\/tecnicas-quirurgicas\\\/\",\"url\":\"https:\\\/\\\/www.drhevialorenzo.com\\\/tecnicas-quirurgicas\\\/\",\"name\":\"T\u00e9cnicas quir\u00fargicas - Dr. Ignacio Hevia Lorenzo\",\"isPartOf\":{\"@id\":\"https:\\\/\\\/www.drhevialorenzo.com\\\/#website\"},\"primaryImageOfPage\":{\"@id\":\"https:\\\/\\\/www.drhevialorenzo.com\\\/tecnicas-quirurgicas\\\/#primaryimage\"},\"image\":{\"@id\":\"https:\\\/\\\/www.drhevialorenzo.com\\\/tecnicas-quirurgicas\\\/#primaryimage\"},\"thumbnailUrl\":\"https:\\\/\\\/www.drhevialorenzo.com\\\/wp-content\\\/uploads\\\/2025\\\/09\\\/hevia-1024x943.png\",\"datePublished\":\"2025-07-26T06:58:24+00:00\",\"dateModified\":\"2025-10-09T10:42:01+00:00\",\"description\":\"Cirug\u00edas m\u00ednimamente invasivas y abordajes personalizados con la m\u00e1xima precisi\u00f3n y seguridad.\",\"breadcrumb\":{\"@id\":\"https:\\\/\\\/www.drhevialorenzo.com\\\/tecnicas-quirurgicas\\\/#breadcrumb\"},\"inLanguage\":\"en-US\",\"potentialAction\":[{\"@type\":\"ReadAction\",\"target\":[\"https:\\\/\\\/www.drhevialorenzo.com\\\/tecnicas-quirurgicas\\\/\"]}]},{\"@type\":\"ImageObject\",\"inLanguage\":\"en-US\",\"@id\":\"https:\\\/\\\/www.drhevialorenzo.com\\\/tecnicas-quirurgicas\\\/#primaryimage\",\"url\":\"https:\\\/\\\/www.drhevialorenzo.com\\\/wp-content\\\/uploads\\\/2025\\\/09\\\/hevia-1024x943.png\",\"contentUrl\":\"https:\\\/\\\/www.drhevialorenzo.com\\\/wp-content\\\/uploads\\\/2025\\\/09\\\/hevia-1024x943.png\"},{\"@type\":\"BreadcrumbList\",\"@id\":\"https:\\\/\\\/www.drhevialorenzo.com\\\/tecnicas-quirurgicas\\\/#breadcrumb\",\"itemListElement\":[{\"@type\":\"ListItem\",\"position\":1,\"name\":\"Inicio\",\"item\":\"https:\\\/\\\/www.drhevialorenzo.com\\\/\"},{\"@type\":\"ListItem\",\"position\":2,\"name\":\"T\u00e9cnicas quir\u00fargicas\"}]},{\"@type\":\"WebSite\",\"@id\":\"https:\\\/\\\/www.drhevialorenzo.com\\\/#website\",\"url\":\"https:\\\/\\\/www.drhevialorenzo.com\\\/\",\"name\":\"Dr.Ignacio Hevia Lorenzo\",\"description\":\"Cirug\u00eda General y Ap Digestivo. Cirug\u00eda endosc\u00f3pica\",\"publisher\":{\"@id\":\"https:\\\/\\\/www.drhevialorenzo.com\\\/#organization\"},\"potentialAction\":[{\"@type\":\"SearchAction\",\"target\":{\"@type\":\"EntryPoint\",\"urlTemplate\":\"https:\\\/\\\/www.drhevialorenzo.com\\\/?s={search_term_string}\"},\"query-input\":{\"@type\":\"PropertyValueSpecification\",\"valueRequired\":true,\"valueName\":\"search_term_string\"}}],\"inLanguage\":\"en-US\"},{\"@type\":\"Organization\",\"@id\":\"https:\\\/\\\/www.drhevialorenzo.com\\\/#organization\",\"name\":\"Dr.Ignacio Hevia Lorenzo\",\"url\":\"https:\\\/\\\/www.drhevialorenzo.com\\\/\",\"logo\":{\"@type\":\"ImageObject\",\"inLanguage\":\"en-US\",\"@id\":\"https:\\\/\\\/www.drhevialorenzo.com\\\/#\\\/schema\\\/logo\\\/image\\\/\",\"url\":\"https:\\\/\\\/www.drhevialorenzo.com\\\/wp-content\\\/uploads\\\/2025\\\/07\\\/logo-scaled.jpg\",\"contentUrl\":\"https:\\\/\\\/www.drhevialorenzo.com\\\/wp-content\\\/uploads\\\/2025\\\/07\\\/logo-scaled.jpg\",\"width\":2560,\"height\":569,\"caption\":\"Dr.Ignacio Hevia Lorenzo\"},\"image\":{\"@id\":\"https:\\\/\\\/www.drhevialorenzo.com\\\/#\\\/schema\\\/logo\\\/image\\\/\"},\"sameAs\":[\"http:\\\/\\\/www.facebook.com\\\/drhevialorenzo\",\"https:\\\/\\\/www.linkedin.com\\\/in\\\/dr-ignacio-hevia-lorenzo-1b623386\\\/\"]}]}<\/script>\n<!-- \/ Yoast SEO plugin. -->","yoast_head_json":{"title":"Surgical techniques - Dr. Ignacio Hevia Lorenzo","description":"Minimally invasive surgeries and personalized approaches with maximum precision and safety.","robots":{"index":"index","follow":"follow","max-snippet":"max-snippet:-1","max-image-preview":"max-image-preview:large","max-video-preview":"max-video-preview:-1"},"canonical":"https:\/\/www.drhevialorenzo.com\/en\/tecnicas-quirurgicas\/","og_locale":"en_US","og_type":"article","og_title":"T\u00e9cnicas quir\u00fargicas - Dr. Ignacio Hevia Lorenzo","og_description":"Cirug\u00edas m\u00ednimamente invasivas y abordajes personalizados con la m\u00e1xima precisi\u00f3n y seguridad.","og_url":"https:\/\/www.drhevialorenzo.com\/en\/tecnicas-quirurgicas\/","og_site_name":"Dr. Ignacio Hevia Lorenzo","article_publisher":"http:\/\/www.facebook.com\/drhevialorenzo","article_modified_time":"2025-10-09T10:42:01+00:00","og_image":[{"url":"https:\/\/www.drhevialorenzo.com\/wp-content\/uploads\/2025\/09\/hevia-1024x943.png","type":"","width":"","height":""}],"twitter_card":"summary_large_image","schema":{"@context":"https:\/\/schema.org","@graph":[{"@type":"WebPage","@id":"https:\/\/www.drhevialorenzo.com\/tecnicas-quirurgicas\/","url":"https:\/\/www.drhevialorenzo.com\/tecnicas-quirurgicas\/","name":"Surgical techniques - Dr. Ignacio Hevia Lorenzo","isPartOf":{"@id":"https:\/\/www.drhevialorenzo.com\/#website"},"primaryImageOfPage":{"@id":"https:\/\/www.drhevialorenzo.com\/tecnicas-quirurgicas\/#primaryimage"},"image":{"@id":"https:\/\/www.drhevialorenzo.com\/tecnicas-quirurgicas\/#primaryimage"},"thumbnailUrl":"https:\/\/www.drhevialorenzo.com\/wp-content\/uploads\/2025\/09\/hevia-1024x943.png","datePublished":"2025-07-26T06:58:24+00:00","dateModified":"2025-10-09T10:42:01+00:00","description":"Minimally invasive surgeries and personalized approaches with maximum precision and safety.","breadcrumb":{"@id":"https:\/\/www.drhevialorenzo.com\/tecnicas-quirurgicas\/#breadcrumb"},"inLanguage":"en-US","potentialAction":[{"@type":"ReadAction","target":["https:\/\/www.drhevialorenzo.com\/tecnicas-quirurgicas\/"]}]},{"@type":"ImageObject","inLanguage":"en-US","@id":"https:\/\/www.drhevialorenzo.com\/tecnicas-quirurgicas\/#primaryimage","url":"https:\/\/www.drhevialorenzo.com\/wp-content\/uploads\/2025\/09\/hevia-1024x943.png","contentUrl":"https:\/\/www.drhevialorenzo.com\/wp-content\/uploads\/2025\/09\/hevia-1024x943.png"},{"@type":"BreadcrumbList","@id":"https:\/\/www.drhevialorenzo.com\/tecnicas-quirurgicas\/#breadcrumb","itemListElement":[{"@type":"ListItem","position":1,"name":"Inicio","item":"https:\/\/www.drhevialorenzo.com\/"},{"@type":"ListItem","position":2,"name":"T\u00e9cnicas quir\u00fargicas"}]},{"@type":"WebSite","@id":"https:\/\/www.drhevialorenzo.com\/#website","url":"https:\/\/www.drhevialorenzo.com\/","name":"Dr.Ignacio Hevia Lorenzo","description":"General Surgery and Digestive Medicine. Endoscopic Surgery","publisher":{"@id":"https:\/\/www.drhevialorenzo.com\/#organization"},"potentialAction":[{"@type":"SearchAction","target":{"@type":"EntryPoint","urlTemplate":"https:\/\/www.drhevialorenzo.com\/?s={search_term_string}"},"query-input":{"@type":"PropertyValueSpecification","valueRequired":true,"valueName":"search_term_string"}}],"inLanguage":"en-US"},{"@type":"Organization","@id":"https:\/\/www.drhevialorenzo.com\/#organization","name":"Dr.Ignacio Hevia Lorenzo","url":"https:\/\/www.drhevialorenzo.com\/","logo":{"@type":"ImageObject","inLanguage":"en-US","@id":"https:\/\/www.drhevialorenzo.com\/#\/schema\/logo\/image\/","url":"https:\/\/www.drhevialorenzo.com\/wp-content\/uploads\/2025\/07\/logo-scaled.jpg","contentUrl":"https:\/\/www.drhevialorenzo.com\/wp-content\/uploads\/2025\/07\/logo-scaled.jpg","width":2560,"height":569,"caption":"Dr.Ignacio Hevia Lorenzo"},"image":{"@id":"https:\/\/www.drhevialorenzo.com\/#\/schema\/logo\/image\/"},"sameAs":["http:\/\/www.facebook.com\/drhevialorenzo","https:\/\/www.linkedin.com\/in\/dr-ignacio-hevia-lorenzo-1b623386\/"]}]}},"_links":{"self":[{"href":"https:\/\/www.drhevialorenzo.com\/en\/wp-json\/wp\/v2\/pages\/567","targetHints":{"allow":["GET"]}}],"collection":[{"href":"https:\/\/www.drhevialorenzo.com\/en\/wp-json\/wp\/v2\/pages"}],"about":[{"href":"https:\/\/www.drhevialorenzo.com\/en\/wp-json\/wp\/v2\/types\/page"}],"author":[{"embeddable":true,"href":"https:\/\/www.drhevialorenzo.com\/en\/wp-json\/wp\/v2\/users\/1"}],"replies":[{"embeddable":true,"href":"https:\/\/www.drhevialorenzo.com\/en\/wp-json\/wp\/v2\/comments?post=567"}],"version-history":[{"count":38,"href":"https:\/\/www.drhevialorenzo.com\/en\/wp-json\/wp\/v2\/pages\/567\/revisions"}],"predecessor-version":[{"id":1185,"href":"https:\/\/www.drhevialorenzo.com\/en\/wp-json\/wp\/v2\/pages\/567\/revisions\/1185"}],"wp:attachment":[{"href":"https:\/\/www.drhevialorenzo.com\/en\/wp-json\/wp\/v2\/media?parent=567"}],"curies":[{"name":"wp","href":"https:\/\/api.w.org\/{rel}","templated":true}]}}