{"id":431,"date":"2025-07-07T16:44:09","date_gmt":"2025-07-07T14:44:09","guid":{"rendered":"https:\/\/www.drhevialorenzo.com\/?page_id=431"},"modified":"2025-10-09T12:41:08","modified_gmt":"2025-10-09T10:41:08","slug":"que-opero","status":"publish","type":"page","link":"https:\/\/www.drhevialorenzo.com\/en\/que-opero\/","title":{"rendered":"What do I operate on?"},"content":{"rendered":"<div data-elementor-type=\"wp-page\" data-elementor-id=\"431\" class=\"elementor elementor-431\" data-elementor-post-type=\"page\">\n\t\t\t\t<div class=\"elementor-element elementor-element-c0716cb e-flex e-con-boxed e-con e-parent\" data-id=\"c0716cb\" data-element_type=\"container\" data-e-type=\"container\">\n\t\t\t\t\t<div class=\"e-con-inner\">\n\t\t<div class=\"elementor-element elementor-element-1cc3ffb e-con-full e-flex e-con e-child\" data-id=\"1cc3ffb\" data-element_type=\"container\" data-e-type=\"container\" data-settings=\"{&quot;background_background&quot;:&quot;classic&quot;}\">\n\t\t\t\t<div class=\"elementor-element elementor-element-ff0d518 elementor-invisible elementor-widget elementor-widget-heading\" data-id=\"ff0d518\" data-element_type=\"widget\" data-e-type=\"widget\" data-settings=\"{&quot;_animation&quot;:&quot;fadeInUp&quot;}\" data-widget_type=\"heading.default\">\n\t\t\t\t<div class=\"elementor-widget-container\">\n\t\t\t\t\t<h1 class=\"elementor-heading-title elementor-size-default\">Comprehensive approach to digestive surgical diseases<\/h1>\t\t\t\t<\/div>\n\t\t\t\t<\/div>\n\t\t\t\t<\/div>\n\t\t<div class=\"elementor-element elementor-element-9543fa4 e-con-full e-flex e-con e-child\" data-id=\"9543fa4\" data-element_type=\"container\" data-e-type=\"container\" data-settings=\"{&quot;background_background&quot;:&quot;classic&quot;}\">\n\t\t\t\t<div class=\"elementor-element elementor-element-13b302a elementor-icon-list--layout-traditional elementor-list-item-link-full_width elementor-widget elementor-widget-icon-list\" data-id=\"13b302a\" data-element_type=\"widget\" data-e-type=\"widget\" data-widget_type=\"icon-list.default\">\n\t\t\t\t<div class=\"elementor-widget-container\">\n\t\t\t\t\t\t\t<ul class=\"elementor-icon-list-items\">\n\t\t\t\t\t\t\t<li class=\"elementor-icon-list-item\">\n\t\t\t\t\t\t\t\t\t\t\t<span class=\"elementor-icon-list-icon\">\n\t\t\t\t\t\t\t<i aria-hidden=\"true\" class=\"fas fa-dot-circle\"><\/i>\t\t\t\t\t\t<\/span>\n\t\t\t\t\t\t\t\t\t\t<span class=\"elementor-icon-list-text\">Gastroesophageal reflux. Hiatal hernia<\/span>\n\t\t\t\t\t\t\t\t\t<\/li>\n\t\t\t\t\t\t\t\t<li class=\"elementor-icon-list-item\">\n\t\t\t\t\t\t\t\t\t\t\t<span class=\"elementor-icon-list-icon\">\n\t\t\t\t\t\t\t<i aria-hidden=\"true\" class=\"fas fa-dot-circle\"><\/i>\t\t\t\t\t\t<\/span>\n\t\t\t\t\t\t\t\t\t\t<span class=\"elementor-icon-list-text\">Esophageal achalasia<\/span>\n\t\t\t\t\t\t\t\t\t<\/li>\n\t\t\t\t\t\t\t\t<li class=\"elementor-icon-list-item\">\n\t\t\t\t\t\t\t\t\t\t\t<span class=\"elementor-icon-list-icon\">\n\t\t\t\t\t\t\t<i aria-hidden=\"true\" class=\"fas fa-dot-circle\"><\/i>\t\t\t\t\t\t<\/span>\n\t\t\t\t\t\t\t\t\t\t<span class=\"elementor-icon-list-text\">Barrett&#039;s disease<\/span>\n\t\t\t\t\t\t\t\t\t<\/li>\n\t\t\t\t\t\t\t\t<li class=\"elementor-icon-list-item\">\n\t\t\t\t\t\t\t\t\t\t\t<span class=\"elementor-icon-list-icon\">\n\t\t\t\t\t\t\t<i aria-hidden=\"true\" class=\"fas fa-dot-circle\"><\/i>\t\t\t\t\t\t<\/span>\n\t\t\t\t\t\t\t\t\t\t<span class=\"elementor-icon-list-text\">Stomach cancer<\/span>\n\t\t\t\t\t\t\t\t\t<\/li>\n\t\t\t\t\t\t\t\t<li class=\"elementor-icon-list-item\">\n\t\t\t\t\t\t\t\t\t\t\t<span class=\"elementor-icon-list-icon\">\n\t\t\t\t\t\t\t<i aria-hidden=\"true\" class=\"fas fa-dot-circle\"><\/i>\t\t\t\t\t\t<\/span>\n\t\t\t\t\t\t\t\t\t\t<span class=\"elementor-icon-list-text\">Gallbladder diseases. Gallstones<\/span>\n\t\t\t\t\t\t\t\t\t<\/li>\n\t\t\t\t\t\t\t\t<li class=\"elementor-icon-list-item\">\n\t\t\t\t\t\t\t\t\t\t\t<span class=\"elementor-icon-list-icon\">\n\t\t\t\t\t\t\t<i aria-hidden=\"true\" class=\"fas fa-dot-circle\"><\/i>\t\t\t\t\t\t<\/span>\n\t\t\t\t\t\t\t\t\t\t<span class=\"elementor-icon-list-text\">Inflammatory bowel disease<\/span>\n\t\t\t\t\t\t\t\t\t<\/li>\n\t\t\t\t\t\t\t\t<li class=\"elementor-icon-list-item\">\n\t\t\t\t\t\t\t\t\t\t\t<span class=\"elementor-icon-list-icon\">\n\t\t\t\t\t\t\t<i aria-hidden=\"true\" class=\"fas fa-dot-circle\"><\/i>\t\t\t\t\t\t<\/span>\n\t\t\t\t\t\t\t\t\t\t<span class=\"elementor-icon-list-text\">Colon cancer<\/span>\n\t\t\t\t\t\t\t\t\t<\/li>\n\t\t\t\t\t\t\t\t<li class=\"elementor-icon-list-item\">\n\t\t\t\t\t\t\t\t\t\t\t<span class=\"elementor-icon-list-icon\">\n\t\t\t\t\t\t\t<i aria-hidden=\"true\" class=\"fas fa-dot-circle\"><\/i>\t\t\t\t\t\t<\/span>\n\t\t\t\t\t\t\t\t\t\t<span class=\"elementor-icon-list-text\">Rectal cancer<\/span>\n\t\t\t\t\t\t\t\t\t<\/li>\n\t\t\t\t\t\t\t\t<li class=\"elementor-icon-list-item\">\n\t\t\t\t\t\t\t\t\t\t\t<span class=\"elementor-icon-list-icon\">\n\t\t\t\t\t\t\t<i aria-hidden=\"true\" class=\"fas fa-dot-circle\"><\/i>\t\t\t\t\t\t<\/span>\n\t\t\t\t\t\t\t\t\t\t<span class=\"elementor-icon-list-text\">Intestinal obstruction<\/span>\n\t\t\t\t\t\t\t\t\t<\/li>\n\t\t\t\t\t\t\t\t<li class=\"elementor-icon-list-item\">\n\t\t\t\t\t\t\t\t\t\t\t<span class=\"elementor-icon-list-icon\">\n\t\t\t\t\t\t\t<i aria-hidden=\"true\" class=\"fas fa-dot-circle\"><\/i>\t\t\t\t\t\t<\/span>\n\t\t\t\t\t\t\t\t\t\t<span class=\"elementor-icon-list-text\">Acute appendicitis<\/span>\n\t\t\t\t\t\t\t\t\t<\/li>\n\t\t\t\t\t\t\t\t<li class=\"elementor-icon-list-item\">\n\t\t\t\t\t\t\t\t\t\t\t<span class=\"elementor-icon-list-icon\">\n\t\t\t\t\t\t\t<i aria-hidden=\"true\" class=\"fas fa-dot-circle\"><\/i>\t\t\t\t\t\t<\/span>\n\t\t\t\t\t\t\t\t\t\t<span class=\"elementor-icon-list-text\">Inguinal hernia<\/span>\n\t\t\t\t\t\t\t\t\t<\/li>\n\t\t\t\t\t\t\t\t<li class=\"elementor-icon-list-item\">\n\t\t\t\t\t\t\t\t\t\t\t<span class=\"elementor-icon-list-icon\">\n\t\t\t\t\t\t\t<i aria-hidden=\"true\" class=\"fas fa-dot-circle\"><\/i>\t\t\t\t\t\t<\/span>\n\t\t\t\t\t\t\t\t\t\t<span class=\"elementor-icon-list-text\">Umbilical hernia<\/span>\n\t\t\t\t\t\t\t\t\t<\/li>\n\t\t\t\t\t\t\t\t<li class=\"elementor-icon-list-item\">\n\t\t\t\t\t\t\t\t\t\t\t<span class=\"elementor-icon-list-icon\">\n\t\t\t\t\t\t\t<i aria-hidden=\"true\" class=\"fas fa-dot-circle\"><\/i>\t\t\t\t\t\t<\/span>\n\t\t\t\t\t\t\t\t\t\t<span class=\"elementor-icon-list-text\">Anal fistula<\/span>\n\t\t\t\t\t\t\t\t\t<\/li>\n\t\t\t\t\t\t\t\t<li class=\"elementor-icon-list-item\">\n\t\t\t\t\t\t\t\t\t\t\t<span class=\"elementor-icon-list-icon\">\n\t\t\t\t\t\t\t<i aria-hidden=\"true\" class=\"fas fa-dot-circle\"><\/i>\t\t\t\t\t\t<\/span>\n\t\t\t\t\t\t\t\t\t\t<span class=\"elementor-icon-list-text\">Anal fissure<\/span>\n\t\t\t\t\t\t\t\t\t<\/li>\n\t\t\t\t\t\t\t\t<li class=\"elementor-icon-list-item\">\n\t\t\t\t\t\t\t\t\t\t\t<span class=\"elementor-icon-list-icon\">\n\t\t\t\t\t\t\t<i aria-hidden=\"true\" class=\"fas fa-dot-circle\"><\/i>\t\t\t\t\t\t<\/span>\n\t\t\t\t\t\t\t\t\t\t<span class=\"elementor-icon-list-text\">Hemorrhoids<\/span>\n\t\t\t\t\t\t\t\t\t<\/li>\n\t\t\t\t\t\t<\/ul>\n\t\t\t\t\t\t<\/div>\n\t\t\t\t<\/div>\n\t\t\t\t<\/div>\n\t\t<div class=\"elementor-element elementor-element-f0ec31c e-con-full e-flex e-con e-child\" data-id=\"f0ec31c\" data-element_type=\"container\" data-e-type=\"container\" data-settings=\"{&quot;background_background&quot;:&quot;classic&quot;}\">\n\t\t\t\t<\/div>\n\t\t\t\t\t<\/div>\n\t\t\t\t<\/div>\n\t\t\t\t<\/div>","protected":false},"excerpt":{"rendered":"<p>Abordaje integral de enfermedades quir\u00fargicas digestivas Reflujo gastroesof\u00e1gico. Hernia de hiato Acalasia esof\u00e1gica Enfermedad de Barrett C\u00e1ncer de est\u00f3mago Enfermedades de la ves\u00edcula biliar. C\u00e1lculos Enfermedad inflamatoria intestinal C\u00e1ncer de colon C\u00e1ncer rectal Obstrucci\u00f3n intestinal Apendicitis aguda Hernia inguinal Hernia umbilical F\u00edstula anal Fisura anal Hemorroides<\/p>","protected":false},"author":1,"featured_media":0,"parent":0,"menu_order":3,"comment_status":"closed","ping_status":"closed","template":"","meta":{"_joinchat":[],"footnotes":""},"class_list":["post-431","page","type-page","status-publish","hentry"],"yoast_head":"<!-- This site is optimized with the Yoast SEO plugin v27.4 - https:\/\/yoast.com\/product\/yoast-seo-wordpress\/ -->\n<title>\u00bfQu\u00e9 opero? - Dr. Ignacio Hevia Lorenzo<\/title>\n<meta name=\"description\" content=\"Tratamiento quir\u00fargico de patolog\u00edas digestivas, hernias, ves\u00edcula, colon, est\u00f3mago y otras afecciones del aparato digestivo.\" \/>\n<meta name=\"robots\" content=\"index, follow, max-snippet:-1, max-image-preview:large, max-video-preview:-1\" \/>\n<link rel=\"canonical\" href=\"https:\/\/www.drhevialorenzo.com\/en\/que-opero\/\" \/>\n<meta property=\"og:locale\" content=\"en_US\" \/>\n<meta property=\"og:type\" content=\"article\" \/>\n<meta property=\"og:title\" content=\"\u00bfQu\u00e9 opero? - Dr. Ignacio Hevia Lorenzo\" \/>\n<meta property=\"og:description\" content=\"Tratamiento quir\u00fargico de patolog\u00edas digestivas, hernias, ves\u00edcula, colon, est\u00f3mago y otras afecciones del aparato digestivo.\" \/>\n<meta property=\"og:url\" content=\"https:\/\/www.drhevialorenzo.com\/en\/que-opero\/\" \/>\n<meta property=\"og:site_name\" content=\"Dr. Ignacio Hevia Lorenzo\" \/>\n<meta property=\"article:publisher\" content=\"http:\/\/www.facebook.com\/drhevialorenzo\" \/>\n<meta property=\"article:modified_time\" content=\"2025-10-09T10:41:08+00:00\" \/>\n<meta name=\"twitter:card\" content=\"summary_large_image\" \/>\n<script type=\"application\/ld+json\" class=\"yoast-schema-graph\">{\"@context\":\"https:\\\/\\\/schema.org\",\"@graph\":[{\"@type\":\"WebPage\",\"@id\":\"https:\\\/\\\/www.drhevialorenzo.com\\\/que-opero\\\/\",\"url\":\"https:\\\/\\\/www.drhevialorenzo.com\\\/que-opero\\\/\",\"name\":\"\u00bfQu\u00e9 opero? - Dr. Ignacio Hevia Lorenzo\",\"isPartOf\":{\"@id\":\"https:\\\/\\\/www.drhevialorenzo.com\\\/#website\"},\"datePublished\":\"2025-07-07T14:44:09+00:00\",\"dateModified\":\"2025-10-09T10:41:08+00:00\",\"description\":\"Tratamiento quir\u00fargico de patolog\u00edas digestivas, hernias, ves\u00edcula, colon, est\u00f3mago y otras afecciones del aparato digestivo.\",\"breadcrumb\":{\"@id\":\"https:\\\/\\\/www.drhevialorenzo.com\\\/que-opero\\\/#breadcrumb\"},\"inLanguage\":\"en-US\",\"potentialAction\":[{\"@type\":\"ReadAction\",\"target\":[\"https:\\\/\\\/www.drhevialorenzo.com\\\/que-opero\\\/\"]}]},{\"@type\":\"BreadcrumbList\",\"@id\":\"https:\\\/\\\/www.drhevialorenzo.com\\\/que-opero\\\/#breadcrumb\",\"itemListElement\":[{\"@type\":\"ListItem\",\"position\":1,\"name\":\"Inicio\",\"item\":\"https:\\\/\\\/www.drhevialorenzo.com\\\/\"},{\"@type\":\"ListItem\",\"position\":2,\"name\":\"\u00bfQu\u00e9 opero?\"}]},{\"@type\":\"WebSite\",\"@id\":\"https:\\\/\\\/www.drhevialorenzo.com\\\/#website\",\"url\":\"https:\\\/\\\/www.drhevialorenzo.com\\\/\",\"name\":\"Dr.Ignacio Hevia Lorenzo\",\"description\":\"Cirug\u00eda General y Ap Digestivo. Cirug\u00eda endosc\u00f3pica\",\"publisher\":{\"@id\":\"https:\\\/\\\/www.drhevialorenzo.com\\\/#organization\"},\"potentialAction\":[{\"@type\":\"SearchAction\",\"target\":{\"@type\":\"EntryPoint\",\"urlTemplate\":\"https:\\\/\\\/www.drhevialorenzo.com\\\/?s={search_term_string}\"},\"query-input\":{\"@type\":\"PropertyValueSpecification\",\"valueRequired\":true,\"valueName\":\"search_term_string\"}}],\"inLanguage\":\"en-US\"},{\"@type\":\"Organization\",\"@id\":\"https:\\\/\\\/www.drhevialorenzo.com\\\/#organization\",\"name\":\"Dr.Ignacio Hevia Lorenzo\",\"url\":\"https:\\\/\\\/www.drhevialorenzo.com\\\/\",\"logo\":{\"@type\":\"ImageObject\",\"inLanguage\":\"en-US\",\"@id\":\"https:\\\/\\\/www.drhevialorenzo.com\\\/#\\\/schema\\\/logo\\\/image\\\/\",\"url\":\"https:\\\/\\\/www.drhevialorenzo.com\\\/wp-content\\\/uploads\\\/2025\\\/07\\\/logo-scaled.jpg\",\"contentUrl\":\"https:\\\/\\\/www.drhevialorenzo.com\\\/wp-content\\\/uploads\\\/2025\\\/07\\\/logo-scaled.jpg\",\"width\":2560,\"height\":569,\"caption\":\"Dr.Ignacio Hevia Lorenzo\"},\"image\":{\"@id\":\"https:\\\/\\\/www.drhevialorenzo.com\\\/#\\\/schema\\\/logo\\\/image\\\/\"},\"sameAs\":[\"http:\\\/\\\/www.facebook.com\\\/drhevialorenzo\",\"https:\\\/\\\/www.linkedin.com\\\/in\\\/dr-ignacio-hevia-lorenzo-1b623386\\\/\"]}]}<\/script>\n<!-- \/ Yoast SEO plugin. -->","yoast_head_json":{"title":"What do I operate? - Dr. Ignacio Hevia Lorenzo","description":"Surgical treatment of digestive pathologies, hernias, gallbladder, colon, stomach and other digestive system conditions.","robots":{"index":"index","follow":"follow","max-snippet":"max-snippet:-1","max-image-preview":"max-image-preview:large","max-video-preview":"max-video-preview:-1"},"canonical":"https:\/\/www.drhevialorenzo.com\/en\/que-opero\/","og_locale":"en_US","og_type":"article","og_title":"\u00bfQu\u00e9 opero? - Dr. Ignacio Hevia Lorenzo","og_description":"Tratamiento quir\u00fargico de patolog\u00edas digestivas, hernias, ves\u00edcula, colon, est\u00f3mago y otras afecciones del aparato digestivo.","og_url":"https:\/\/www.drhevialorenzo.com\/en\/que-opero\/","og_site_name":"Dr. Ignacio Hevia Lorenzo","article_publisher":"http:\/\/www.facebook.com\/drhevialorenzo","article_modified_time":"2025-10-09T10:41:08+00:00","twitter_card":"summary_large_image","schema":{"@context":"https:\/\/schema.org","@graph":[{"@type":"WebPage","@id":"https:\/\/www.drhevialorenzo.com\/que-opero\/","url":"https:\/\/www.drhevialorenzo.com\/que-opero\/","name":"What do I operate? - Dr. Ignacio Hevia Lorenzo","isPartOf":{"@id":"https:\/\/www.drhevialorenzo.com\/#website"},"datePublished":"2025-07-07T14:44:09+00:00","dateModified":"2025-10-09T10:41:08+00:00","description":"Surgical treatment of digestive pathologies, hernias, gallbladder, colon, stomach and other digestive system conditions.","breadcrumb":{"@id":"https:\/\/www.drhevialorenzo.com\/que-opero\/#breadcrumb"},"inLanguage":"en-US","potentialAction":[{"@type":"ReadAction","target":["https:\/\/www.drhevialorenzo.com\/que-opero\/"]}]},{"@type":"BreadcrumbList","@id":"https:\/\/www.drhevialorenzo.com\/que-opero\/#breadcrumb","itemListElement":[{"@type":"ListItem","position":1,"name":"Inicio","item":"https:\/\/www.drhevialorenzo.com\/"},{"@type":"ListItem","position":2,"name":"\u00bfQu\u00e9 opero?"}]},{"@type":"WebSite","@id":"https:\/\/www.drhevialorenzo.com\/#website","url":"https:\/\/www.drhevialorenzo.com\/","name":"Dr.Ignacio Hevia Lorenzo","description":"General Surgery and Digestive Medicine. Endoscopic Surgery","publisher":{"@id":"https:\/\/www.drhevialorenzo.com\/#organization"},"potentialAction":[{"@type":"SearchAction","target":{"@type":"EntryPoint","urlTemplate":"https:\/\/www.drhevialorenzo.com\/?s={search_term_string}"},"query-input":{"@type":"PropertyValueSpecification","valueRequired":true,"valueName":"search_term_string"}}],"inLanguage":"en-US"},{"@type":"Organization","@id":"https:\/\/www.drhevialorenzo.com\/#organization","name":"Dr.Ignacio Hevia Lorenzo","url":"https:\/\/www.drhevialorenzo.com\/","logo":{"@type":"ImageObject","inLanguage":"en-US","@id":"https:\/\/www.drhevialorenzo.com\/#\/schema\/logo\/image\/","url":"https:\/\/www.drhevialorenzo.com\/wp-content\/uploads\/2025\/07\/logo-scaled.jpg","contentUrl":"https:\/\/www.drhevialorenzo.com\/wp-content\/uploads\/2025\/07\/logo-scaled.jpg","width":2560,"height":569,"caption":"Dr.Ignacio Hevia Lorenzo"},"image":{"@id":"https:\/\/www.drhevialorenzo.com\/#\/schema\/logo\/image\/"},"sameAs":["http:\/\/www.facebook.com\/drhevialorenzo","https:\/\/www.linkedin.com\/in\/dr-ignacio-hevia-lorenzo-1b623386\/"]}]}},"_links":{"self":[{"href":"https:\/\/www.drhevialorenzo.com\/en\/wp-json\/wp\/v2\/pages\/431","targetHints":{"allow":["GET"]}}],"collection":[{"href":"https:\/\/www.drhevialorenzo.com\/en\/wp-json\/wp\/v2\/pages"}],"about":[{"href":"https:\/\/www.drhevialorenzo.com\/en\/wp-json\/wp\/v2\/types\/page"}],"author":[{"embeddable":true,"href":"https:\/\/www.drhevialorenzo.com\/en\/wp-json\/wp\/v2\/users\/1"}],"replies":[{"embeddable":true,"href":"https:\/\/www.drhevialorenzo.com\/en\/wp-json\/wp\/v2\/comments?post=431"}],"version-history":[{"count":70,"href":"https:\/\/www.drhevialorenzo.com\/en\/wp-json\/wp\/v2\/pages\/431\/revisions"}],"predecessor-version":[{"id":1184,"href":"https:\/\/www.drhevialorenzo.com\/en\/wp-json\/wp\/v2\/pages\/431\/revisions\/1184"}],"wp:attachment":[{"href":"https:\/\/www.drhevialorenzo.com\/en\/wp-json\/wp\/v2\/media?parent=431"}],"curies":[{"name":"wp","href":"https:\/\/api.w.org\/{rel}","templated":true}]}}