{"id":429,"date":"2025-07-07T16:43:56","date_gmt":"2025-07-07T14:43:56","guid":{"rendered":"https:\/\/www.drhevialorenzo.com\/?page_id=429"},"modified":"2026-01-25T13:10:26","modified_gmt":"2026-01-25T12:10:26","slug":"trayectoria","status":"publish","type":"page","link":"https:\/\/www.drhevialorenzo.com\/en\/trayectoria\/","title":{"rendered":"Trajectory"},"content":{"rendered":"<div data-elementor-type=\"wp-page\" data-elementor-id=\"429\" class=\"elementor elementor-429\" data-elementor-post-type=\"page\">\n\t\t\t\t<div class=\"elementor-element elementor-element-3efd5d63 e-con-full e-flex e-con e-parent\" data-id=\"3efd5d63\" data-element_type=\"container\" data-e-type=\"container\">\n\t\t<div class=\"elementor-element elementor-element-59fe1ced e-con-full e-flex e-con e-child\" data-id=\"59fe1ced\" data-element_type=\"container\" data-e-type=\"container\" data-settings=\"{&quot;background_background&quot;:&quot;classic&quot;}\">\n\t\t\t\t<\/div>\n\t\t<div class=\"elementor-element elementor-element-27bc8333 e-con-full e-flex e-con e-child\" data-id=\"27bc8333\" data-element_type=\"container\" data-e-type=\"container\">\n\t\t\t\t<div class=\"elementor-element elementor-element-432653af elementor-invisible elementor-widget elementor-widget-heading\" data-id=\"432653af\" data-element_type=\"widget\" data-e-type=\"widget\" data-settings=\"{&quot;_animation&quot;:&quot;fadeInUp&quot;}\" data-widget_type=\"heading.default\">\n\t\t\t\t<div class=\"elementor-widget-container\">\n\t\t\t\t\t<h1 class=\"elementor-heading-title elementor-size-default\">A COMMITMENT TO PATIENTS, BEYOND SURGERY<\/h1>\t\t\t\t<\/div>\n\t\t\t\t<\/div>\n\t\t\t\t<div class=\"elementor-element elementor-element-d6007d5 elementor-invisible elementor-widget elementor-widget-text-editor\" data-id=\"d6007d5\" data-element_type=\"widget\" data-e-type=\"widget\" data-settings=\"{&quot;_animation&quot;:&quot;fadeInUp&quot;}\" data-widget_type=\"text-editor.default\">\n\t\t\t\t<div class=\"elementor-widget-container\">\n\t\t\t\t\t\t\t\t\t<p class=\"p1\">Dr. Ignacio Hevia Lorenzo has extensive experience in general and digestive system surgery, with specialized training in Spain, Mexico, and France.<\/p><p class=\"p1\">It combines technical precision with personalized attention, accompanying each patient throughout the entire process.<\/p><p class=\"p1\">His experience in public and private hospitals, participation in international cooperation projects, and ongoing development in minimally invasive surgery allow him to offer precise, humane care committed to the well-being of his patients.<\/p>\t\t\t\t\t\t\t\t<\/div>\n\t\t\t\t<\/div>\n\t\t<div class=\"elementor-element elementor-element-d440e93 e-con-full e-flex e-con e-child\" data-id=\"d440e93\" data-element_type=\"container\" data-e-type=\"container\">\n\t\t\t\t<div class=\"elementor-element elementor-element-686316e elementor-widget__width-auto elementor-widget elementor-widget-image\" data-id=\"686316e\" data-element_type=\"widget\" data-e-type=\"widget\" data-widget_type=\"image.default\">\n\t\t\t\t<div class=\"elementor-widget-container\">\n\t\t\t\t\t\t\t\t\t\t\t\t\t\t\t\t<a href=\"https:\/\/www.topdoctors.es\/doctor\/ignacio-hevia-lorenzo\">\n\t\t\t\t\t\t\t<img decoding=\"async\" width=\"245\" height=\"88\" src=\"https:\/\/www.drhevialorenzo.com\/wp-content\/uploads\/2025\/07\/memberWidget.png\" class=\"attachment-large size-large wp-image-792\" alt=\"TopDoctors\" srcset=\"https:\/\/www.drhevialorenzo.com\/wp-content\/uploads\/2025\/07\/memberWidget.png 245w, https:\/\/www.drhevialorenzo.com\/wp-content\/uploads\/2025\/07\/memberWidget-18x6.png 18w\" sizes=\"(max-width: 245px) 100vw, 245px\" \/>\t\t\t\t\t\t\t\t<\/a>\n\t\t\t\t\t\t\t\t\t\t\t\t\t\t\t<\/div>\n\t\t\t\t<\/div>\n\t\t\t\t<div class=\"elementor-element elementor-element-126a2b1 elementor-widget__width-auto elementor-widget elementor-widget-image\" data-id=\"126a2b1\" data-element_type=\"widget\" data-e-type=\"widget\" data-widget_type=\"image.default\">\n\t\t\t\t<div class=\"elementor-widget-container\">\n\t\t\t\t\t\t\t\t\t\t\t\t\t\t\t\t<a href=\"https:\/\/www.doctoralia.es\/ignacio-hevia-lorenzo\/cirujano-general\/gijon\">\n\t\t\t\t\t\t\t<img decoding=\"async\" width=\"300\" height=\"150\" src=\"https:\/\/www.drhevialorenzo.com\/wp-content\/uploads\/2025\/07\/6033d873f82f810004782c8d.png\" class=\"attachment-full size-full wp-image-793\" alt=\"Doctoralia\" srcset=\"https:\/\/www.drhevialorenzo.com\/wp-content\/uploads\/2025\/07\/6033d873f82f810004782c8d.png 300w, https:\/\/www.drhevialorenzo.com\/wp-content\/uploads\/2025\/07\/6033d873f82f810004782c8d-18x9.png 18w\" sizes=\"(max-width: 300px) 100vw, 300px\" \/>\t\t\t\t\t\t\t\t<\/a>\n\t\t\t\t\t\t\t\t\t\t\t\t\t\t\t<\/div>\n\t\t\t\t<\/div>\n\t\t\t\t<\/div>\n\t\t\t\t<div class=\"elementor-element elementor-element-60b7d0a elementor-invisible elementor-widget elementor-widget-heading\" data-id=\"60b7d0a\" data-element_type=\"widget\" data-e-type=\"widget\" data-settings=\"{&quot;_animation&quot;:&quot;fadeInUp&quot;}\" data-widget_type=\"heading.default\">\n\t\t\t\t<div class=\"elementor-widget-container\">\n\t\t\t\t\t<h2 class=\"elementor-heading-title elementor-size-default\">CLINICAL EXPERIENCE AND TRAINING AT THE HIGHEST LEVEL<\/h2>\t\t\t\t<\/div>\n\t\t\t\t<\/div>\n\t\t\t\t<div class=\"elementor-element elementor-element-0494bd1 elementor-invisible elementor-widget elementor-widget-text-editor\" data-id=\"0494bd1\" data-element_type=\"widget\" data-e-type=\"widget\" data-settings=\"{&quot;_animation&quot;:&quot;fadeInUp&quot;}\" data-widget_type=\"text-editor.default\">\n\t\t\t\t<div class=\"elementor-widget-container\">\n\t\t\t\t\t\t\t\t\t<p class=\"p1\">\u2022 Member of the Mexican Association of Endoscopic Surgery (AMCE)<\/p><p class=\"p1\">\u2022 Member of the Spanish Society of Laparoscopic and Robotic Surgery (SECLA)<\/p><p class=\"p1\">\u2022 Accreditation by the American College of Surgeons in Trauma Life Support (ATLS)<\/p><p class=\"p1\">\u2022 Cooperation project in endoscopic surgery in Sahrawi refugee camps<\/p><p class=\"p1\">\u2022 Surgeon associated with the hospitals of France. Toulouse University Hospital Center (CHU Toulouse)<\/p>\t\t\t\t\t\t\t\t<\/div>\n\t\t\t\t<\/div>\n\t\t\t\t<\/div>\n\t\t\t\t<\/div>\n\t\t<div class=\"elementor-element elementor-element-3bf1cd8 e-con-full e-flex e-con e-parent\" data-id=\"3bf1cd8\" data-element_type=\"container\" data-e-type=\"container\">\n\t\t<div class=\"elementor-element elementor-element-108503a e-con-full e-flex e-con e-child\" data-id=\"108503a\" data-element_type=\"container\" data-e-type=\"container\" data-settings=\"{&quot;background_background&quot;:&quot;classic&quot;}\">\n\t\t\t\t<\/div>\n\t\t<div class=\"elementor-element elementor-element-feb608e e-con-full e-flex e-con e-child\" data-id=\"feb608e\" data-element_type=\"container\" data-e-type=\"container\">\n\t\t\t\t<div class=\"elementor-element elementor-element-2980920 elementor-invisible elementor-widget elementor-widget-heading\" data-id=\"2980920\" data-element_type=\"widget\" data-e-type=\"widget\" data-settings=\"{&quot;_animation&quot;:&quot;fadeInUp&quot;}\" data-widget_type=\"heading.default\">\n\t\t\t\t<div class=\"elementor-widget-container\">\n\t\t\t\t\t<h2 class=\"elementor-heading-title elementor-size-default\">PROFESSIONAL EXPERIENCE<\/h2>\t\t\t\t<\/div>\n\t\t\t\t<\/div>\n\t\t\t\t<div class=\"elementor-element elementor-element-7c95be2 elementor-invisible elementor-widget elementor-widget-text-editor\" data-id=\"7c95be2\" data-element_type=\"widget\" data-e-type=\"widget\" data-settings=\"{&quot;_animation&quot;:&quot;fadeInUp&quot;}\" data-widget_type=\"text-editor.default\">\n\t\t\t\t<div class=\"elementor-widget-container\">\n\t\t\t\t\t\t\t\t\t<p class=\"p1\">\u2022 Associate Surgeon, Colorectal Surgery Unit. Central University Hospital of Asturias. Since 2024.<\/p>\n<p class=\"p1\">\u2022 General and Digestive Surgery. Endoscopic Surgery. Ribera Covadonga Hospital, Gij\u00f3n. Since 2016<\/p>\n<p class=\"p1\">\u2022 Assistant Surgeon Hospital \u00c1lvarez \u2013 Buylla. Santullano. Mieres. 2005 \u2013 2024<\/p>\n<p class=\"p1\">\u2022 Associate Surgeon, Hospital Jove Foundation. Gij\u00f3n. 2003-2005<\/p>\n<p class=\"p1\">\u2022 Assistant Surgeon at Dr. Pascual Hospital, M\u00e1laga, 2001\u20132003<\/p>\n<p class=\"p1\">\u2022 University Diploma in Laparoscopic Surgery. Paul Sabatier University, Toulouse (France). 2000-2001<\/p>\n<p class=\"p1\">\u2022 Member of the Liver Transplant Unit, Rangueil University Hospital, Toulouse (France). 2000-2001<\/p>\n<p class=\"p1\">\u2022 Fellowship in Advanced Laparoscopic Surgery. Rangueil University Hospital, Toulouse (France). 2000-2001<\/p>\n<p class=\"p1\">\u2022 Chief Resident. General Surgery Department, Spanish Hospital, Mexico City. 1999-2000<\/p>\n<p class=\"p1\">\u2022 Residency in General and Digestive Surgery. Spanish Hospital of Mexico City. National Autonomous University of Mexico (UNAM). 1995-2000<\/p>\n<p class=\"p1\">\u2022 Graduated in Medicine and Surgery from the University of Oviedo. 1986-1992<\/p>\n<p>Registration Number: 333310307<\/p>\t\t\t\t\t\t\t\t<\/div>\n\t\t\t\t<\/div>\n\t\t\t\t<\/div>\n\t\t\t\t<\/div>\n\t\t<div class=\"elementor-element elementor-element-4717cf6 e-flex e-con-boxed e-con e-parent\" data-id=\"4717cf6\" data-element_type=\"container\" data-e-type=\"container\">\n\t\t\t\t\t<div class=\"e-con-inner\">\n\t\t<div class=\"elementor-element elementor-element-b18d61b e-con-full e-flex e-con e-child\" data-id=\"b18d61b\" data-element_type=\"container\" data-e-type=\"container\" data-settings=\"{&quot;background_background&quot;:&quot;classic&quot;}\">\n\t\t\t\t<div class=\"elementor-element elementor-element-4702960 elementor-invisible elementor-widget elementor-widget-heading\" data-id=\"4702960\" data-element_type=\"widget\" data-e-type=\"widget\" data-settings=\"{&quot;_animation&quot;:&quot;fadeInUp&quot;}\" data-widget_type=\"heading.default\">\n\t\t\t\t<div class=\"elementor-widget-container\">\n\t\t\t\t\t<h2 class=\"elementor-heading-title elementor-size-default\">SCIENTIFIC SOCIETIES AND ACCREDITATIONS<\/h2>\t\t\t\t<\/div>\n\t\t\t\t<\/div>\n\t\t\t\t<div class=\"elementor-element elementor-element-5e7109f elementor-icon-list--layout-traditional elementor-list-item-link-full_width elementor-widget elementor-widget-icon-list\" data-id=\"5e7109f\" data-element_type=\"widget\" data-e-type=\"widget\" data-widget_type=\"icon-list.default\">\n\t\t\t\t<div class=\"elementor-widget-container\">\n\t\t\t\t\t\t\t<ul class=\"elementor-icon-list-items\">\n\t\t\t\t\t\t\t<li class=\"elementor-icon-list-item\">\n\t\t\t\t\t\t\t\t\t\t\t<span class=\"elementor-icon-list-icon\">\n\t\t\t\t\t\t\t<i aria-hidden=\"true\" class=\"fas fa-dot-circle\"><\/i>\t\t\t\t\t\t<\/span>\n\t\t\t\t\t\t\t\t\t\t<span class=\"elementor-icon-list-text\">Member of the Mexican Association of Endoscopic Surgery (AMCE)<\/span>\n\t\t\t\t\t\t\t\t\t<\/li>\n\t\t\t\t\t\t\t\t<li class=\"elementor-icon-list-item\">\n\t\t\t\t\t\t\t\t\t\t\t<span class=\"elementor-icon-list-icon\">\n\t\t\t\t\t\t\t<i aria-hidden=\"true\" class=\"fas fa-dot-circle\"><\/i>\t\t\t\t\t\t<\/span>\n\t\t\t\t\t\t\t\t\t\t<span class=\"elementor-icon-list-text\">Member of the Spanish Society of Laparoscopic and Robotic Surgery (SECLA)<\/span>\n\t\t\t\t\t\t\t\t\t<\/li>\n\t\t\t\t\t\t\t\t<li class=\"elementor-icon-list-item\">\n\t\t\t\t\t\t\t\t\t\t\t<span class=\"elementor-icon-list-icon\">\n\t\t\t\t\t\t\t<i aria-hidden=\"true\" class=\"fas fa-dot-circle\"><\/i>\t\t\t\t\t\t<\/span>\n\t\t\t\t\t\t\t\t\t\t<span class=\"elementor-icon-list-text\">Accredited by the American College of Surgeons in Trauma Life Support (ATLS)<\/span>\n\t\t\t\t\t\t\t\t\t<\/li>\n\t\t\t\t\t\t<\/ul>\n\t\t\t\t\t\t<\/div>\n\t\t\t\t<\/div>\n\t\t\t\t<\/div>\n\t\t<div class=\"elementor-element elementor-element-b91ca7e e-con-full e-flex e-con e-child\" data-id=\"b91ca7e\" data-element_type=\"container\" data-e-type=\"container\" data-settings=\"{&quot;background_background&quot;:&quot;classic&quot;}\">\n\t\t\t\t<\/div>\n\t\t\t\t\t<\/div>\n\t\t\t\t<\/div>\n\t\t<div class=\"elementor-element elementor-element-12b2ee4 e-flex e-con-boxed e-con e-parent\" data-id=\"12b2ee4\" data-element_type=\"container\" data-e-type=\"container\">\n\t\t\t\t\t<div class=\"e-con-inner\">\n\t\t<div class=\"elementor-element elementor-element-e07517f e-con-full e-flex e-con e-child\" data-id=\"e07517f\" data-element_type=\"container\" data-e-type=\"container\" data-settings=\"{&quot;background_background&quot;:&quot;classic&quot;}\">\n\t\t\t\t<div class=\"elementor-element elementor-element-a1a8e35 elementor-invisible elementor-widget elementor-widget-heading\" data-id=\"a1a8e35\" data-element_type=\"widget\" data-e-type=\"widget\" data-settings=\"{&quot;_animation&quot;:&quot;fadeInUp&quot;}\" data-widget_type=\"heading.default\">\n\t\t\t\t<div class=\"elementor-widget-container\">\n\t\t\t\t\t<h2 class=\"elementor-heading-title elementor-size-default\">INTERNATIONAL COMMITMENT<\/h2>\t\t\t\t<\/div>\n\t\t\t\t<\/div>\n\t\t\t\t<div class=\"elementor-element elementor-element-1854f60 elementor-widget elementor-widget-text-editor\" data-id=\"1854f60\" data-element_type=\"widget\" data-e-type=\"widget\" data-widget_type=\"text-editor.default\">\n\t\t\t\t<div class=\"elementor-widget-container\">\n\t\t\t\t\t\t\t\t\t<p class=\"p1\">Dr. Hevia has participated in a surgical cooperation project in Sahrawi refugee camps, bringing endoscopic surgery to vulnerable populations.<\/p><p class=\"p1\">This experience reflects his vocation for a medicine committed to people and global access to health.<\/p>\t\t\t\t\t\t\t\t<\/div>\n\t\t\t\t<\/div>\n\t\t\t\t<\/div>\n\t\t<div class=\"elementor-element elementor-element-a2b5a55 e-con-full e-flex e-con e-child\" data-id=\"a2b5a55\" data-element_type=\"container\" data-e-type=\"container\" data-settings=\"{&quot;background_background&quot;:&quot;classic&quot;}\">\n\t\t\t\t<\/div>\n\t\t\t\t\t<\/div>\n\t\t\t\t<\/div>\n\t\t\t\t<\/div>","protected":false},"excerpt":{"rendered":"<p>UN COMPROMISO CON LOS PACIENTES, M\u00c1S ALLA DE LA CIRUG\u00cdA El Dr. Ignacio Hevia Lorenzo cuenta con una larga trayectoria en cirug\u00eda general y del aparato digestivo, con formaci\u00f3n especializada en Espa\u00f1a, M\u00e9xico y Francia. Combina precisi\u00f3n t\u00e9cnica con una atenci\u00f3n personalizada, acompa\u00f1ando a cada paciente durante todo el proceso. Su experiencia en hospitales p\u00fablicos, [&hellip;]<\/p>\n","protected":false},"author":1,"featured_media":0,"parent":0,"menu_order":2,"comment_status":"closed","ping_status":"closed","template":"","meta":{"_joinchat":[],"footnotes":""},"class_list":["post-429","page","type-page","status-publish","hentry"],"yoast_head":"<!-- This site is optimized with the Yoast SEO plugin v27.4 - https:\/\/yoast.com\/product\/yoast-seo-wordpress\/ -->\n<title>Trayectoria - Dr. Ignacio Hevia Lorenzo<\/title>\n<meta name=\"description\" content=\"Conoce la formaci\u00f3n, experiencia y reconocimientos del Dr. Ignacio Hevia, referente en cirug\u00eda digestiva y laparoscopia avanzada.\" \/>\n<meta name=\"robots\" content=\"index, follow, max-snippet:-1, max-image-preview:large, max-video-preview:-1\" \/>\n<link rel=\"canonical\" href=\"https:\/\/www.drhevialorenzo.com\/en\/trayectoria\/\" \/>\n<meta property=\"og:locale\" content=\"en_US\" \/>\n<meta property=\"og:type\" content=\"article\" \/>\n<meta property=\"og:title\" content=\"Trayectoria - Dr. Ignacio Hevia Lorenzo\" \/>\n<meta property=\"og:description\" content=\"Conoce la formaci\u00f3n, experiencia y reconocimientos del Dr. Ignacio Hevia, referente en cirug\u00eda digestiva y laparoscopia avanzada.\" \/>\n<meta property=\"og:url\" content=\"https:\/\/www.drhevialorenzo.com\/en\/trayectoria\/\" \/>\n<meta property=\"og:site_name\" content=\"Dr. Ignacio Hevia Lorenzo\" \/>\n<meta property=\"article:publisher\" content=\"http:\/\/www.facebook.com\/drhevialorenzo\" \/>\n<meta property=\"article:modified_time\" content=\"2026-01-25T12:10:26+00:00\" \/>\n<meta property=\"og:image\" content=\"https:\/\/www.drhevialorenzo.com\/wp-content\/uploads\/2025\/07\/memberWidget.png\" \/>\n\t<meta property=\"og:image:width\" content=\"245\" \/>\n\t<meta property=\"og:image:height\" content=\"88\" \/>\n\t<meta property=\"og:image:type\" content=\"image\/png\" \/>\n<meta name=\"twitter:card\" content=\"summary_large_image\" \/>\n<script type=\"application\/ld+json\" class=\"yoast-schema-graph\">{\"@context\":\"https:\\\/\\\/schema.org\",\"@graph\":[{\"@type\":\"WebPage\",\"@id\":\"https:\\\/\\\/www.drhevialorenzo.com\\\/trayectoria\\\/\",\"url\":\"https:\\\/\\\/www.drhevialorenzo.com\\\/trayectoria\\\/\",\"name\":\"Trayectoria - Dr. Ignacio Hevia Lorenzo\",\"isPartOf\":{\"@id\":\"https:\\\/\\\/www.drhevialorenzo.com\\\/#website\"},\"primaryImageOfPage\":{\"@id\":\"https:\\\/\\\/www.drhevialorenzo.com\\\/trayectoria\\\/#primaryimage\"},\"image\":{\"@id\":\"https:\\\/\\\/www.drhevialorenzo.com\\\/trayectoria\\\/#primaryimage\"},\"thumbnailUrl\":\"https:\\\/\\\/www.drhevialorenzo.com\\\/wp-content\\\/uploads\\\/2025\\\/07\\\/memberWidget.png\",\"datePublished\":\"2025-07-07T14:43:56+00:00\",\"dateModified\":\"2026-01-25T12:10:26+00:00\",\"description\":\"Conoce la formaci\u00f3n, experiencia y reconocimientos del Dr. Ignacio Hevia, referente en cirug\u00eda digestiva y laparoscopia avanzada.\",\"breadcrumb\":{\"@id\":\"https:\\\/\\\/www.drhevialorenzo.com\\\/trayectoria\\\/#breadcrumb\"},\"inLanguage\":\"en-US\",\"potentialAction\":[{\"@type\":\"ReadAction\",\"target\":[\"https:\\\/\\\/www.drhevialorenzo.com\\\/trayectoria\\\/\"]}]},{\"@type\":\"ImageObject\",\"inLanguage\":\"en-US\",\"@id\":\"https:\\\/\\\/www.drhevialorenzo.com\\\/trayectoria\\\/#primaryimage\",\"url\":\"https:\\\/\\\/www.drhevialorenzo.com\\\/wp-content\\\/uploads\\\/2025\\\/07\\\/memberWidget.png\",\"contentUrl\":\"https:\\\/\\\/www.drhevialorenzo.com\\\/wp-content\\\/uploads\\\/2025\\\/07\\\/memberWidget.png\"},{\"@type\":\"BreadcrumbList\",\"@id\":\"https:\\\/\\\/www.drhevialorenzo.com\\\/trayectoria\\\/#breadcrumb\",\"itemListElement\":[{\"@type\":\"ListItem\",\"position\":1,\"name\":\"Inicio\",\"item\":\"https:\\\/\\\/www.drhevialorenzo.com\\\/\"},{\"@type\":\"ListItem\",\"position\":2,\"name\":\"Trayectoria\"}]},{\"@type\":\"WebSite\",\"@id\":\"https:\\\/\\\/www.drhevialorenzo.com\\\/#website\",\"url\":\"https:\\\/\\\/www.drhevialorenzo.com\\\/\",\"name\":\"Dr.Ignacio Hevia Lorenzo\",\"description\":\"Cirug\u00eda General y Ap Digestivo. Cirug\u00eda endosc\u00f3pica\",\"publisher\":{\"@id\":\"https:\\\/\\\/www.drhevialorenzo.com\\\/#organization\"},\"potentialAction\":[{\"@type\":\"SearchAction\",\"target\":{\"@type\":\"EntryPoint\",\"urlTemplate\":\"https:\\\/\\\/www.drhevialorenzo.com\\\/?s={search_term_string}\"},\"query-input\":{\"@type\":\"PropertyValueSpecification\",\"valueRequired\":true,\"valueName\":\"search_term_string\"}}],\"inLanguage\":\"en-US\"},{\"@type\":\"Organization\",\"@id\":\"https:\\\/\\\/www.drhevialorenzo.com\\\/#organization\",\"name\":\"Dr.Ignacio Hevia Lorenzo\",\"url\":\"https:\\\/\\\/www.drhevialorenzo.com\\\/\",\"logo\":{\"@type\":\"ImageObject\",\"inLanguage\":\"en-US\",\"@id\":\"https:\\\/\\\/www.drhevialorenzo.com\\\/#\\\/schema\\\/logo\\\/image\\\/\",\"url\":\"https:\\\/\\\/www.drhevialorenzo.com\\\/wp-content\\\/uploads\\\/2025\\\/07\\\/logo-scaled.jpg\",\"contentUrl\":\"https:\\\/\\\/www.drhevialorenzo.com\\\/wp-content\\\/uploads\\\/2025\\\/07\\\/logo-scaled.jpg\",\"width\":2560,\"height\":569,\"caption\":\"Dr.Ignacio Hevia Lorenzo\"},\"image\":{\"@id\":\"https:\\\/\\\/www.drhevialorenzo.com\\\/#\\\/schema\\\/logo\\\/image\\\/\"},\"sameAs\":[\"http:\\\/\\\/www.facebook.com\\\/drhevialorenzo\",\"https:\\\/\\\/www.linkedin.com\\\/in\\\/dr-ignacio-hevia-lorenzo-1b623386\\\/\"]}]}<\/script>\n<!-- \/ Yoast SEO plugin. -->","yoast_head_json":{"title":"Career - Dr. Ignacio Hevia Lorenzo","description":"Learn about the training, experience, and accolades of Dr. Ignacio Hevia, a leading expert in digestive surgery and advanced laparoscopy.","robots":{"index":"index","follow":"follow","max-snippet":"max-snippet:-1","max-image-preview":"max-image-preview:large","max-video-preview":"max-video-preview:-1"},"canonical":"https:\/\/www.drhevialorenzo.com\/en\/trayectoria\/","og_locale":"en_US","og_type":"article","og_title":"Trayectoria - Dr. Ignacio Hevia Lorenzo","og_description":"Conoce la formaci\u00f3n, experiencia y reconocimientos del Dr. Ignacio Hevia, referente en cirug\u00eda digestiva y laparoscopia avanzada.","og_url":"https:\/\/www.drhevialorenzo.com\/en\/trayectoria\/","og_site_name":"Dr. Ignacio Hevia Lorenzo","article_publisher":"http:\/\/www.facebook.com\/drhevialorenzo","article_modified_time":"2026-01-25T12:10:26+00:00","og_image":[{"width":245,"height":88,"url":"https:\/\/www.drhevialorenzo.com\/wp-content\/uploads\/2025\/07\/memberWidget.png","type":"image\/png"}],"twitter_card":"summary_large_image","schema":{"@context":"https:\/\/schema.org","@graph":[{"@type":"WebPage","@id":"https:\/\/www.drhevialorenzo.com\/trayectoria\/","url":"https:\/\/www.drhevialorenzo.com\/trayectoria\/","name":"Career - Dr. Ignacio Hevia Lorenzo","isPartOf":{"@id":"https:\/\/www.drhevialorenzo.com\/#website"},"primaryImageOfPage":{"@id":"https:\/\/www.drhevialorenzo.com\/trayectoria\/#primaryimage"},"image":{"@id":"https:\/\/www.drhevialorenzo.com\/trayectoria\/#primaryimage"},"thumbnailUrl":"https:\/\/www.drhevialorenzo.com\/wp-content\/uploads\/2025\/07\/memberWidget.png","datePublished":"2025-07-07T14:43:56+00:00","dateModified":"2026-01-25T12:10:26+00:00","description":"Learn about the training, experience, and accolades of Dr. Ignacio Hevia, a leading expert in digestive surgery and advanced laparoscopy.","breadcrumb":{"@id":"https:\/\/www.drhevialorenzo.com\/trayectoria\/#breadcrumb"},"inLanguage":"en-US","potentialAction":[{"@type":"ReadAction","target":["https:\/\/www.drhevialorenzo.com\/trayectoria\/"]}]},{"@type":"ImageObject","inLanguage":"en-US","@id":"https:\/\/www.drhevialorenzo.com\/trayectoria\/#primaryimage","url":"https:\/\/www.drhevialorenzo.com\/wp-content\/uploads\/2025\/07\/memberWidget.png","contentUrl":"https:\/\/www.drhevialorenzo.com\/wp-content\/uploads\/2025\/07\/memberWidget.png"},{"@type":"BreadcrumbList","@id":"https:\/\/www.drhevialorenzo.com\/trayectoria\/#breadcrumb","itemListElement":[{"@type":"ListItem","position":1,"name":"Inicio","item":"https:\/\/www.drhevialorenzo.com\/"},{"@type":"ListItem","position":2,"name":"Trayectoria"}]},{"@type":"WebSite","@id":"https:\/\/www.drhevialorenzo.com\/#website","url":"https:\/\/www.drhevialorenzo.com\/","name":"Dr.Ignacio Hevia Lorenzo","description":"General Surgery and Digestive Medicine. Endoscopic Surgery","publisher":{"@id":"https:\/\/www.drhevialorenzo.com\/#organization"},"potentialAction":[{"@type":"SearchAction","target":{"@type":"EntryPoint","urlTemplate":"https:\/\/www.drhevialorenzo.com\/?s={search_term_string}"},"query-input":{"@type":"PropertyValueSpecification","valueRequired":true,"valueName":"search_term_string"}}],"inLanguage":"en-US"},{"@type":"Organization","@id":"https:\/\/www.drhevialorenzo.com\/#organization","name":"Dr.Ignacio Hevia Lorenzo","url":"https:\/\/www.drhevialorenzo.com\/","logo":{"@type":"ImageObject","inLanguage":"en-US","@id":"https:\/\/www.drhevialorenzo.com\/#\/schema\/logo\/image\/","url":"https:\/\/www.drhevialorenzo.com\/wp-content\/uploads\/2025\/07\/logo-scaled.jpg","contentUrl":"https:\/\/www.drhevialorenzo.com\/wp-content\/uploads\/2025\/07\/logo-scaled.jpg","width":2560,"height":569,"caption":"Dr.Ignacio Hevia Lorenzo"},"image":{"@id":"https:\/\/www.drhevialorenzo.com\/#\/schema\/logo\/image\/"},"sameAs":["http:\/\/www.facebook.com\/drhevialorenzo","https:\/\/www.linkedin.com\/in\/dr-ignacio-hevia-lorenzo-1b623386\/"]}]}},"_links":{"self":[{"href":"https:\/\/www.drhevialorenzo.com\/en\/wp-json\/wp\/v2\/pages\/429","targetHints":{"allow":["GET"]}}],"collection":[{"href":"https:\/\/www.drhevialorenzo.com\/en\/wp-json\/wp\/v2\/pages"}],"about":[{"href":"https:\/\/www.drhevialorenzo.com\/en\/wp-json\/wp\/v2\/types\/page"}],"author":[{"embeddable":true,"href":"https:\/\/www.drhevialorenzo.com\/en\/wp-json\/wp\/v2\/users\/1"}],"replies":[{"embeddable":true,"href":"https:\/\/www.drhevialorenzo.com\/en\/wp-json\/wp\/v2\/comments?post=429"}],"version-history":[{"count":190,"href":"https:\/\/www.drhevialorenzo.com\/en\/wp-json\/wp\/v2\/pages\/429\/revisions"}],"predecessor-version":[{"id":1266,"href":"https:\/\/www.drhevialorenzo.com\/en\/wp-json\/wp\/v2\/pages\/429\/revisions\/1266"}],"wp:attachment":[{"href":"https:\/\/www.drhevialorenzo.com\/en\/wp-json\/wp\/v2\/media?parent=429"}],"curies":[{"name":"wp","href":"https:\/\/api.w.org\/{rel}","templated":true}]}}