{"id":122,"date":"2023-03-01T12:10:33","date_gmt":"2023-03-01T11:10:33","guid":{"rendered":"https:\/\/www.drhevialorenzo.com\/?page_id=122"},"modified":"2025-07-07T17:31:37","modified_gmt":"2025-07-07T15:31:37","slug":"mapa-del-sitio","status":"publish","type":"page","link":"https:\/\/www.drhevialorenzo.com\/en\/mapa-del-sitio\/","title":{"rendered":"Site map"},"content":{"rendered":"<div data-elementor-type=\"wp-page\" data-elementor-id=\"122\" class=\"elementor elementor-122\" data-elementor-post-type=\"page\">\n\t\t\t\t\t\t<section class=\"elementor-section elementor-top-section elementor-element elementor-element-895deb8 elementor-section-boxed elementor-section-height-default elementor-section-height-default\" data-id=\"895deb8\" data-element_type=\"section\" data-e-type=\"section\">\n\t\t\t\t\t\t<div class=\"elementor-container elementor-column-gap-default\">\n\t\t\t\t\t<div class=\"elementor-column elementor-col-100 elementor-top-column elementor-element elementor-element-50dabda\" data-id=\"50dabda\" data-element_type=\"column\" data-e-type=\"column\">\n\t\t\t<div class=\"elementor-widget-wrap elementor-element-populated\">\n\t\t\t\t\t\t<div class=\"elementor-element elementor-element-4b839f1 elementor-widget elementor-widget-sitemap\" data-id=\"4b839f1\" data-element_type=\"widget\" data-e-type=\"widget\" data-widget_type=\"sitemap.default\">\n\t\t\t\t<div class=\"elementor-widget-container\">\n\t\t\t\t\t<div class=\"elementor-sitemap-wrap\"><div class=\"elementor-sitemap-section\"><h1 class=\"elementor-sitemap-title elementor-sitemap-page-title\">Site map<\/h1><ul class=\"elementor-sitemap-list elementor-sitemap-page-list\"><li class=\"elementor-sitemap-item elementor-sitemap-item-page page_item page-item-427\"><a href=\"https:\/\/www.drhevialorenzo.com\/en\/\">Home<\/a><\/li><li class=\"elementor-sitemap-item elementor-sitemap-item-page page_item page-item-429\"><a href=\"https:\/\/www.drhevialorenzo.com\/en\/trayectoria\/\">Trajectory<\/a><\/li><li class=\"elementor-sitemap-item elementor-sitemap-item-page page_item page-item-431\"><a href=\"https:\/\/www.drhevialorenzo.com\/en\/que-opero\/\">What do I operate on?<\/a><\/li><li class=\"elementor-sitemap-item elementor-sitemap-item-page page_item page-item-567\"><a href=\"https:\/\/www.drhevialorenzo.com\/en\/tecnicas-quirurgicas\/\">Surgical techniques<\/a><\/li><li class=\"elementor-sitemap-item elementor-sitemap-item-page page_item page-item-918\"><a href=\"https:\/\/www.drhevialorenzo.com\/en\/galeria-de-prensa\/\">Press gallery<\/a><\/li><li class=\"elementor-sitemap-item elementor-sitemap-item-page page_item page-item-435\"><a href=\"https:\/\/www.drhevialorenzo.com\/en\/contacto\/\">Contact<\/a><\/li><li class=\"elementor-sitemap-item elementor-sitemap-item-page page_item page-item-75\"><a href=\"https:\/\/www.drhevialorenzo.com\/en\/aviso-legal\/\">Legal notice<\/a><\/li><li class=\"elementor-sitemap-item elementor-sitemap-item-page page_item page-item-35\"><a href=\"https:\/\/www.drhevialorenzo.com\/en\/politica-de-privacidad\/\">Privacy Policy<\/a><\/li><li class=\"elementor-sitemap-item elementor-sitemap-item-page page_item page-item-88\"><a href=\"https:\/\/www.drhevialorenzo.com\/en\/politica-de-cookies\/\">Cookie Policy<\/a><\/li><li class=\"elementor-sitemap-item elementor-sitemap-item-page page_item page-item-64\"><a href=\"https:\/\/www.drhevialorenzo.com\/en\/accesibilidad\/\">Accessibility<\/a><\/li><\/ul><\/div><\/div>\t\t\t\t<\/div>\n\t\t\t\t<\/div>\n\t\t\t\t\t<\/div>\n\t\t<\/div>\n\t\t\t\t\t<\/div>\n\t\t<\/section>\n\t\t\t\t<\/div>","protected":false},"excerpt":{"rendered":"","protected":false},"author":1,"featured_media":0,"parent":0,"menu_order":11,"comment_status":"closed","ping_status":"closed","template":"","meta":{"_joinchat":[],"footnotes":""},"class_list":["post-122","page","type-page","status-publish","hentry"],"yoast_head":"<!-- This site is optimized with the Yoast SEO plugin v27.4 - https:\/\/yoast.com\/product\/yoast-seo-wordpress\/ -->\n<title>Mapa del sitio - Dr. Ignacio Hevia Lorenzo<\/title>\n<meta name=\"description\" content=\"Mapa del sitio web Dr. Ignacio Hevia Lorenzo\" \/>\n<meta name=\"robots\" content=\"index, follow, max-snippet:-1, max-image-preview:large, max-video-preview:-1\" \/>\n<link rel=\"canonical\" href=\"https:\/\/www.drhevialorenzo.com\/en\/mapa-del-sitio\/\" \/>\n<meta property=\"og:locale\" content=\"en_US\" \/>\n<meta property=\"og:type\" content=\"article\" \/>\n<meta property=\"og:title\" content=\"Mapa del sitio - Dr. Ignacio Hevia Lorenzo\" \/>\n<meta property=\"og:description\" content=\"Mapa del sitio web Dr. Ignacio Hevia Lorenzo\" \/>\n<meta property=\"og:url\" content=\"https:\/\/www.drhevialorenzo.com\/en\/mapa-del-sitio\/\" \/>\n<meta property=\"og:site_name\" content=\"Dr. Ignacio Hevia Lorenzo\" \/>\n<meta property=\"article:publisher\" content=\"http:\/\/www.facebook.com\/drhevialorenzo\" \/>\n<meta property=\"article:modified_time\" content=\"2025-07-07T15:31:37+00:00\" \/>\n<meta name=\"twitter:card\" content=\"summary_large_image\" \/>\n<script type=\"application\/ld+json\" class=\"yoast-schema-graph\">{\"@context\":\"https:\\\/\\\/schema.org\",\"@graph\":[{\"@type\":\"WebPage\",\"@id\":\"https:\\\/\\\/www.drhevialorenzo.com\\\/mapa-del-sitio\\\/\",\"url\":\"https:\\\/\\\/www.drhevialorenzo.com\\\/mapa-del-sitio\\\/\",\"name\":\"Mapa del sitio - Dr. Ignacio Hevia Lorenzo\",\"isPartOf\":{\"@id\":\"https:\\\/\\\/www.drhevialorenzo.com\\\/#website\"},\"datePublished\":\"2023-03-01T11:10:33+00:00\",\"dateModified\":\"2025-07-07T15:31:37+00:00\",\"description\":\"Mapa del sitio web Dr. Ignacio Hevia Lorenzo\",\"breadcrumb\":{\"@id\":\"https:\\\/\\\/www.drhevialorenzo.com\\\/mapa-del-sitio\\\/#breadcrumb\"},\"inLanguage\":\"en-US\",\"potentialAction\":[{\"@type\":\"ReadAction\",\"target\":[\"https:\\\/\\\/www.drhevialorenzo.com\\\/mapa-del-sitio\\\/\"]}]},{\"@type\":\"BreadcrumbList\",\"@id\":\"https:\\\/\\\/www.drhevialorenzo.com\\\/mapa-del-sitio\\\/#breadcrumb\",\"itemListElement\":[{\"@type\":\"ListItem\",\"position\":1,\"name\":\"Inicio\",\"item\":\"https:\\\/\\\/www.drhevialorenzo.com\\\/\"},{\"@type\":\"ListItem\",\"position\":2,\"name\":\"Mapa del sitio\"}]},{\"@type\":\"WebSite\",\"@id\":\"https:\\\/\\\/www.drhevialorenzo.com\\\/#website\",\"url\":\"https:\\\/\\\/www.drhevialorenzo.com\\\/\",\"name\":\"Dr.Ignacio Hevia Lorenzo\",\"description\":\"Cirug\u00eda General y Ap Digestivo. Cirug\u00eda endosc\u00f3pica\",\"publisher\":{\"@id\":\"https:\\\/\\\/www.drhevialorenzo.com\\\/#organization\"},\"potentialAction\":[{\"@type\":\"SearchAction\",\"target\":{\"@type\":\"EntryPoint\",\"urlTemplate\":\"https:\\\/\\\/www.drhevialorenzo.com\\\/?s={search_term_string}\"},\"query-input\":{\"@type\":\"PropertyValueSpecification\",\"valueRequired\":true,\"valueName\":\"search_term_string\"}}],\"inLanguage\":\"en-US\"},{\"@type\":\"Organization\",\"@id\":\"https:\\\/\\\/www.drhevialorenzo.com\\\/#organization\",\"name\":\"Dr.Ignacio Hevia Lorenzo\",\"url\":\"https:\\\/\\\/www.drhevialorenzo.com\\\/\",\"logo\":{\"@type\":\"ImageObject\",\"inLanguage\":\"en-US\",\"@id\":\"https:\\\/\\\/www.drhevialorenzo.com\\\/#\\\/schema\\\/logo\\\/image\\\/\",\"url\":\"https:\\\/\\\/www.drhevialorenzo.com\\\/wp-content\\\/uploads\\\/2025\\\/07\\\/logo-scaled.jpg\",\"contentUrl\":\"https:\\\/\\\/www.drhevialorenzo.com\\\/wp-content\\\/uploads\\\/2025\\\/07\\\/logo-scaled.jpg\",\"width\":2560,\"height\":569,\"caption\":\"Dr.Ignacio Hevia Lorenzo\"},\"image\":{\"@id\":\"https:\\\/\\\/www.drhevialorenzo.com\\\/#\\\/schema\\\/logo\\\/image\\\/\"},\"sameAs\":[\"http:\\\/\\\/www.facebook.com\\\/drhevialorenzo\",\"https:\\\/\\\/www.linkedin.com\\\/in\\\/dr-ignacio-hevia-lorenzo-1b623386\\\/\"]}]}<\/script>\n<!-- \/ Yoast SEO plugin. -->","yoast_head_json":{"title":"Sitemap - Dr. Ignacio Hevia Lorenzo","description":"Website map Dr. Ignacio Hevia Lorenzo","robots":{"index":"index","follow":"follow","max-snippet":"max-snippet:-1","max-image-preview":"max-image-preview:large","max-video-preview":"max-video-preview:-1"},"canonical":"https:\/\/www.drhevialorenzo.com\/en\/mapa-del-sitio\/","og_locale":"en_US","og_type":"article","og_title":"Mapa del sitio - Dr. Ignacio Hevia Lorenzo","og_description":"Mapa del sitio web Dr. Ignacio Hevia Lorenzo","og_url":"https:\/\/www.drhevialorenzo.com\/en\/mapa-del-sitio\/","og_site_name":"Dr. Ignacio Hevia Lorenzo","article_publisher":"http:\/\/www.facebook.com\/drhevialorenzo","article_modified_time":"2025-07-07T15:31:37+00:00","twitter_card":"summary_large_image","schema":{"@context":"https:\/\/schema.org","@graph":[{"@type":"WebPage","@id":"https:\/\/www.drhevialorenzo.com\/mapa-del-sitio\/","url":"https:\/\/www.drhevialorenzo.com\/mapa-del-sitio\/","name":"Sitemap - Dr. Ignacio Hevia Lorenzo","isPartOf":{"@id":"https:\/\/www.drhevialorenzo.com\/#website"},"datePublished":"2023-03-01T11:10:33+00:00","dateModified":"2025-07-07T15:31:37+00:00","description":"Website map Dr. Ignacio Hevia Lorenzo","breadcrumb":{"@id":"https:\/\/www.drhevialorenzo.com\/mapa-del-sitio\/#breadcrumb"},"inLanguage":"en-US","potentialAction":[{"@type":"ReadAction","target":["https:\/\/www.drhevialorenzo.com\/mapa-del-sitio\/"]}]},{"@type":"BreadcrumbList","@id":"https:\/\/www.drhevialorenzo.com\/mapa-del-sitio\/#breadcrumb","itemListElement":[{"@type":"ListItem","position":1,"name":"Inicio","item":"https:\/\/www.drhevialorenzo.com\/"},{"@type":"ListItem","position":2,"name":"Mapa del sitio"}]},{"@type":"WebSite","@id":"https:\/\/www.drhevialorenzo.com\/#website","url":"https:\/\/www.drhevialorenzo.com\/","name":"Dr.Ignacio Hevia Lorenzo","description":"General Surgery and Digestive Medicine. Endoscopic Surgery","publisher":{"@id":"https:\/\/www.drhevialorenzo.com\/#organization"},"potentialAction":[{"@type":"SearchAction","target":{"@type":"EntryPoint","urlTemplate":"https:\/\/www.drhevialorenzo.com\/?s={search_term_string}"},"query-input":{"@type":"PropertyValueSpecification","valueRequired":true,"valueName":"search_term_string"}}],"inLanguage":"en-US"},{"@type":"Organization","@id":"https:\/\/www.drhevialorenzo.com\/#organization","name":"Dr.Ignacio Hevia Lorenzo","url":"https:\/\/www.drhevialorenzo.com\/","logo":{"@type":"ImageObject","inLanguage":"en-US","@id":"https:\/\/www.drhevialorenzo.com\/#\/schema\/logo\/image\/","url":"https:\/\/www.drhevialorenzo.com\/wp-content\/uploads\/2025\/07\/logo-scaled.jpg","contentUrl":"https:\/\/www.drhevialorenzo.com\/wp-content\/uploads\/2025\/07\/logo-scaled.jpg","width":2560,"height":569,"caption":"Dr.Ignacio Hevia Lorenzo"},"image":{"@id":"https:\/\/www.drhevialorenzo.com\/#\/schema\/logo\/image\/"},"sameAs":["http:\/\/www.facebook.com\/drhevialorenzo","https:\/\/www.linkedin.com\/in\/dr-ignacio-hevia-lorenzo-1b623386\/"]}]}},"_links":{"self":[{"href":"https:\/\/www.drhevialorenzo.com\/en\/wp-json\/wp\/v2\/pages\/122","targetHints":{"allow":["GET"]}}],"collection":[{"href":"https:\/\/www.drhevialorenzo.com\/en\/wp-json\/wp\/v2\/pages"}],"about":[{"href":"https:\/\/www.drhevialorenzo.com\/en\/wp-json\/wp\/v2\/types\/page"}],"author":[{"embeddable":true,"href":"https:\/\/www.drhevialorenzo.com\/en\/wp-json\/wp\/v2\/users\/1"}],"replies":[{"embeddable":true,"href":"https:\/\/www.drhevialorenzo.com\/en\/wp-json\/wp\/v2\/comments?post=122"}],"version-history":[{"count":3,"href":"https:\/\/www.drhevialorenzo.com\/en\/wp-json\/wp\/v2\/pages\/122\/revisions"}],"predecessor-version":[{"id":537,"href":"https:\/\/www.drhevialorenzo.com\/en\/wp-json\/wp\/v2\/pages\/122\/revisions\/537"}],"wp:attachment":[{"href":"https:\/\/www.drhevialorenzo.com\/en\/wp-json\/wp\/v2\/media?parent=122"}],"curies":[{"name":"wp","href":"https:\/\/api.w.org\/{rel}","templated":true}]}}